{"id":14277,"date":"2024-01-30T16:49:19","date_gmt":"2024-01-30T13:49:19","guid":{"rendered":"https:\/\/drhikmetihsaneren.com\/?page_id=14277"},"modified":"2024-01-30T16:52:54","modified_gmt":"2024-01-30T13:52:54","slug":"danke","status":"publish","type":"page","link":"https:\/\/drhikmetihsaneren.com\/de\/danke\/","title":{"rendered":"Danke"},"content":{"rendered":"<div data-elementor-type=\"wp-page\" data-elementor-id=\"14277\" class=\"elementor elementor-14277\">\n\t\t\t\t\t\t<section class=\"elementor-section elementor-top-section elementor-element elementor-element-4dbbe317 elementor-section-boxed elementor-section-height-default elementor-section-height-default\" data-id=\"4dbbe317\" data-element_type=\"section\" data-e-type=\"section\">\n\t\t\t\t\t\t<div class=\"elementor-container elementor-column-gap-default\">\n\t\t\t\t\t<div class=\"elementor-column elementor-col-100 elementor-top-column elementor-element elementor-element-37c3493d ot-column-items-center ot-flex-column-vertical\" data-id=\"37c3493d\" data-element_type=\"column\" data-e-type=\"column\">\n\t\t\t<div class=\"elementor-widget-wrap elementor-element-populated\">\n\t\t\t\t\t\t<div class=\"elementor-element elementor-element-9e2bf67 elementor-widget elementor-widget-image\" data-id=\"9e2bf67\" data-element_type=\"widget\" data-e-type=\"widget\" data-widget_type=\"image.default\">\n\t\t\t\t<div class=\"elementor-widget-container\">\n\t\t\t\t\t\t\t\t\t\t\t\t\t\t\t<img decoding=\"async\" width=\"180\" height=\"180\" src=\"https:\/\/drhikmetihsaneren.com\/wp-content\/uploads\/2024\/01\/success-icon-512x512-qdg1isa0-180x180.png\" class=\"attachment-thumbnail size-thumbnail wp-image-14279\" alt=\"\" srcset=\"https:\/\/drhikmetihsaneren.com\/wp-content\/uploads\/2024\/01\/success-icon-512x512-qdg1isa0-180x180.png 180w, https:\/\/drhikmetihsaneren.com\/wp-content\/uploads\/2024\/01\/success-icon-512x512-qdg1isa0.png 512w, https:\/\/drhikmetihsaneren.com\/wp-content\/uploads\/2024\/01\/success-icon-512x512-qdg1isa0-12x12.png 12w\" sizes=\"(max-width: 180px) 100vw, 180px\" \/>\t\t\t\t\t\t\t\t\t\t\t\t\t\t\t<\/div>\n\t\t\t\t<\/div>\n\t\t\t\t<div class=\"elementor-element elementor-element-6bdb554b elementor-widget elementor-widget-text-editor\" data-id=\"6bdb554b\" data-element_type=\"widget\" data-e-type=\"widget\" data-widget_type=\"text-editor.default\">\n\t\t\t\t<div class=\"elementor-widget-container\">\n\t\t\t\t\t\t\t\t\t\n<p>Vielen Dank f\u00fcr das erfolgreiche Ausf\u00fcllen Ihres Formulars. Wir freuen uns, dass Sie Kontakt mit uns aufgenommen haben. Ihre Anfrage wird schnellstm\u00f6glich gepr\u00fcft und Sie werden kontaktiert.<\/p>\n\n\n\n<p>Wenn Sie weitere Informationen zu unseren Leistungen im Bereich der plastischen Chirurgie ben\u00f6tigen, z\u00f6gern Sie bitte nicht, uns \u00fcber unsere WhatsApp-Leitung zu kontaktieren. Wir sind hier, um Ihnen beim Erreichen Ihrer Gesundheits- und Sch\u00f6nheitsziele zu helfen.<\/p>\n\n\n\n<p>Vielen Dank f\u00fcr Ihr Interesse und Ihr Vertrauen.<\/p>\n\t\t\t\t\t\t\t\t<\/div>\n\t\t\t\t<\/div>\n\t\t\t\t\t<\/div>\n\t\t<\/div>\n\t\t\t\t\t<\/div>\n\t\t<\/section>\n\t\t\t\t<\/div>","protected":false},"excerpt":{"rendered":"<p>Vielen Dank f\u00fcr das erfolgreiche Ausf\u00fcllen Ihres Formulars. Wir freuen uns, dass Sie Kontakt mit uns aufgenommen haben. Ihre Anfrage wird schnellstm\u00f6glich gepr\u00fcft und Sie werden kontaktiert. Wenn Sie weitere Informationen zu unseren Leistungen im Bereich der plastischen Chirurgie ben\u00f6tigen, z\u00f6gern Sie bitte nicht, uns \u00fcber unsere WhatsApp-Leitung zu kontaktieren. Wir sind hier, um Ihnen beim Erreichen Ihrer Gesundheits- und Sch\u00f6nheitsziele zu helfen. Vielen Dank f\u00fcr Ihr Interesse und Ihr Vertrauen.<\/p>","protected":false},"author":1,"featured_media":0,"parent":0,"menu_order":0,"comment_status":"closed","ping_status":"closed","template":"","meta":{"content-type":"","inline_featured_image":false,"footnotes":""},"class_list":["post-14277","page","type-page","status-publish","hentry"],"yoast_head":"<!-- This site is optimized with the Yoast SEO plugin v27.5 - https:\/\/yoast.com\/product\/yoast-seo-wordpress\/ -->\n<title>Te\u015fekk\u00fcrler - Op. Hikmet \u0130hsan Eren<\/title>\n<meta name=\"robots\" content=\"index, follow, max-snippet:-1, max-image-preview:large, max-video-preview:-1\" \/>\n<link rel=\"canonical\" href=\"https:\/\/drhikmetihsaneren.com\/de\/danke\/\" \/>\n<meta property=\"og:locale\" content=\"de_DE\" \/>\n<meta property=\"og:type\" content=\"article\" \/>\n<meta property=\"og:title\" content=\"Te\u015fekk\u00fcrler - Op. Hikmet \u0130hsan Eren\" \/>\n<meta property=\"og:description\" content=\"Formunuzu ba\u015far\u0131yla doldurdu\u011funuz i\u00e7in te\u015fekk\u00fcr ederiz. Bizimle ileti\u015fime ge\u00e7ti\u011finiz i\u00e7in memnuniyet duyuyoruz. Talebiniz en k\u0131sa s\u00fcrede de\u011ferlendirilecek ve sizinle ileti\u015fime ge\u00e7ilecektir. Plastik cerrahi hizmetlerimizle ilgili daha fazla bilgiye ihtiyac\u0131n\u0131z olursa, whatsapp hatt\u0131m\u0131z \u00fczerinden l\u00fctfen bize ula\u015fmaktan \u00e7ekinmeyin. Sa\u011fl\u0131\u011f\u0131n\u0131za ve g\u00fczellik hedeflerinize ula\u015fman\u0131za yard\u0131mc\u0131 olmak i\u00e7in buraday\u0131z. \u0130lginiz ve g\u00fcveniniz i\u00e7in te\u015fekk\u00fcr ederiz.\" \/>\n<meta property=\"og:url\" content=\"https:\/\/drhikmetihsaneren.com\/de\/danke\/\" \/>\n<meta property=\"og:site_name\" content=\"Op. Hikmet \u0130hsan Eren\" \/>\n<meta property=\"article:modified_time\" content=\"2024-01-30T13:52:54+00:00\" \/>\n<meta property=\"og:image\" content=\"https:\/\/drhikmetihsaneren.com\/wp-content\/uploads\/2024\/01\/success-icon-512x512-qdg1isa0-180x180.png\" \/>\n<meta name=\"twitter:card\" content=\"summary_large_image\" \/>\n<meta name=\"twitter:label1\" content=\"Gesch\u00e4tzte Lesezeit\" \/>\n\t<meta name=\"twitter:data1\" content=\"1\u00a0Minute\" \/>\n<script type=\"application\/ld+json\" class=\"yoast-schema-graph\">{\"@context\":\"https:\\\/\\\/schema.org\",\"@graph\":[{\"@type\":\"WebPage\",\"@id\":\"https:\\\/\\\/drhikmetihsaneren.com\\\/tesekkurler\\\/\",\"url\":\"https:\\\/\\\/drhikmetihsaneren.com\\\/tesekkurler\\\/\",\"name\":\"Te\u015fekk\u00fcrler - Op. Hikmet \u0130hsan Eren\",\"isPartOf\":{\"@id\":\"https:\\\/\\\/drhikmetihsaneren.com\\\/#website\"},\"primaryImageOfPage\":{\"@id\":\"https:\\\/\\\/drhikmetihsaneren.com\\\/tesekkurler\\\/#primaryimage\"},\"image\":{\"@id\":\"https:\\\/\\\/drhikmetihsaneren.com\\\/tesekkurler\\\/#primaryimage\"},\"thumbnailUrl\":\"https:\\\/\\\/drhikmetihsaneren.com\\\/wp-content\\\/uploads\\\/2024\\\/01\\\/success-icon-512x512-qdg1isa0-180x180.png\",\"datePublished\":\"2024-01-30T13:49:19+00:00\",\"dateModified\":\"2024-01-30T13:52:54+00:00\",\"breadcrumb\":{\"@id\":\"https:\\\/\\\/drhikmetihsaneren.com\\\/tesekkurler\\\/#breadcrumb\"},\"inLanguage\":\"de\",\"potentialAction\":[{\"@type\":\"ReadAction\",\"target\":[\"https:\\\/\\\/drhikmetihsaneren.com\\\/tesekkurler\\\/\"]}]},{\"@type\":\"ImageObject\",\"inLanguage\":\"de\",\"@id\":\"https:\\\/\\\/drhikmetihsaneren.com\\\/tesekkurler\\\/#primaryimage\",\"url\":\"https:\\\/\\\/drhikmetihsaneren.com\\\/wp-content\\\/uploads\\\/2024\\\/01\\\/success-icon-512x512-qdg1isa0-180x180.png\",\"contentUrl\":\"https:\\\/\\\/drhikmetihsaneren.com\\\/wp-content\\\/uploads\\\/2024\\\/01\\\/success-icon-512x512-qdg1isa0-180x180.png\"},{\"@type\":\"BreadcrumbList\",\"@id\":\"https:\\\/\\\/drhikmetihsaneren.com\\\/tesekkurler\\\/#breadcrumb\",\"itemListElement\":[{\"@type\":\"ListItem\",\"position\":1,\"name\":\"Anasayfa\",\"item\":\"https:\\\/\\\/drhikmetihsaneren.com\\\/\"},{\"@type\":\"ListItem\",\"position\":2,\"name\":\"Te\u015fekk\u00fcrler\"}]},{\"@type\":\"WebSite\",\"@id\":\"https:\\\/\\\/drhikmetihsaneren.com\\\/#website\",\"url\":\"https:\\\/\\\/drhikmetihsaneren.com\\\/\",\"name\":\"Op. Hikmet \u0130hsan Eren\",\"description\":\"Estetik Cerrahi\",\"potentialAction\":[{\"@type\":\"SearchAction\",\"target\":{\"@type\":\"EntryPoint\",\"urlTemplate\":\"https:\\\/\\\/drhikmetihsaneren.com\\\/?s={search_term_string}\"},\"query-input\":{\"@type\":\"PropertyValueSpecification\",\"valueRequired\":true,\"valueName\":\"search_term_string\"}}],\"inLanguage\":\"de\"}]}<\/script>\n<!-- \/ Yoast SEO plugin. -->","yoast_head_json":{"title":"Danke - Op. Hikmet Ihsan Eren","robots":{"index":"index","follow":"follow","max-snippet":"max-snippet:-1","max-image-preview":"max-image-preview:large","max-video-preview":"max-video-preview:-1"},"canonical":"https:\/\/drhikmetihsaneren.com\/de\/danke\/","og_locale":"de_DE","og_type":"article","og_title":"Te\u015fekk\u00fcrler - Op. Hikmet \u0130hsan Eren","og_description":"Formunuzu ba\u015far\u0131yla doldurdu\u011funuz i\u00e7in te\u015fekk\u00fcr ederiz. Bizimle ileti\u015fime ge\u00e7ti\u011finiz i\u00e7in memnuniyet duyuyoruz. Talebiniz en k\u0131sa s\u00fcrede de\u011ferlendirilecek ve sizinle ileti\u015fime ge\u00e7ilecektir. Plastik cerrahi hizmetlerimizle ilgili daha fazla bilgiye ihtiyac\u0131n\u0131z olursa, whatsapp hatt\u0131m\u0131z \u00fczerinden l\u00fctfen bize ula\u015fmaktan \u00e7ekinmeyin. Sa\u011fl\u0131\u011f\u0131n\u0131za ve g\u00fczellik hedeflerinize ula\u015fman\u0131za yard\u0131mc\u0131 olmak i\u00e7in buraday\u0131z. \u0130lginiz ve g\u00fcveniniz i\u00e7in te\u015fekk\u00fcr ederiz.","og_url":"https:\/\/drhikmetihsaneren.com\/de\/danke\/","og_site_name":"Op. Hikmet \u0130hsan Eren","article_modified_time":"2024-01-30T13:52:54+00:00","og_image":[{"url":"https:\/\/drhikmetihsaneren.com\/wp-content\/uploads\/2024\/01\/success-icon-512x512-qdg1isa0-180x180.png","type":"","width":"","height":""}],"twitter_card":"summary_large_image","twitter_misc":{"Gesch\u00e4tzte Lesezeit":"1\u00a0Minute"},"schema":{"@context":"https:\/\/schema.org","@graph":[{"@type":"WebPage","@id":"https:\/\/drhikmetihsaneren.com\/tesekkurler\/","url":"https:\/\/drhikmetihsaneren.com\/tesekkurler\/","name":"Danke - Op. Hikmet Ihsan Eren","isPartOf":{"@id":"https:\/\/drhikmetihsaneren.com\/#website"},"primaryImageOfPage":{"@id":"https:\/\/drhikmetihsaneren.com\/tesekkurler\/#primaryimage"},"image":{"@id":"https:\/\/drhikmetihsaneren.com\/tesekkurler\/#primaryimage"},"thumbnailUrl":"https:\/\/drhikmetihsaneren.com\/wp-content\/uploads\/2024\/01\/success-icon-512x512-qdg1isa0-180x180.png","datePublished":"2024-01-30T13:49:19+00:00","dateModified":"2024-01-30T13:52:54+00:00","breadcrumb":{"@id":"https:\/\/drhikmetihsaneren.com\/tesekkurler\/#breadcrumb"},"inLanguage":"de","potentialAction":[{"@type":"ReadAction","target":["https:\/\/drhikmetihsaneren.com\/tesekkurler\/"]}]},{"@type":"ImageObject","inLanguage":"de","@id":"https:\/\/drhikmetihsaneren.com\/tesekkurler\/#primaryimage","url":"https:\/\/drhikmetihsaneren.com\/wp-content\/uploads\/2024\/01\/success-icon-512x512-qdg1isa0-180x180.png","contentUrl":"https:\/\/drhikmetihsaneren.com\/wp-content\/uploads\/2024\/01\/success-icon-512x512-qdg1isa0-180x180.png"},{"@type":"BreadcrumbList","@id":"https:\/\/drhikmetihsaneren.com\/tesekkurler\/#breadcrumb","itemListElement":[{"@type":"ListItem","position":1,"name":"Anasayfa","item":"https:\/\/drhikmetihsaneren.com\/"},{"@type":"ListItem","position":2,"name":"Te\u015fekk\u00fcrler"}]},{"@type":"WebSite","@id":"https:\/\/drhikmetihsaneren.com\/#website","url":"https:\/\/drhikmetihsaneren.com\/","name":"Kuss. Hikmet \u0130hsan Eren","description":"Plastische Chirurgie","potentialAction":[{"@type":"SearchAction","target":{"@type":"EntryPoint","urlTemplate":"https:\/\/drhikmetihsaneren.com\/?s={search_term_string}"},"query-input":{"@type":"PropertyValueSpecification","valueRequired":true,"valueName":"search_term_string"}}],"inLanguage":"de"}]}},"_links":{"self":[{"href":"https:\/\/drhikmetihsaneren.com\/de\/wp-json\/wp\/v2\/pages\/14277","targetHints":{"allow":["GET"]}}],"collection":[{"href":"https:\/\/drhikmetihsaneren.com\/de\/wp-json\/wp\/v2\/pages"}],"about":[{"href":"https:\/\/drhikmetihsaneren.com\/de\/wp-json\/wp\/v2\/types\/page"}],"author":[{"embeddable":true,"href":"https:\/\/drhikmetihsaneren.com\/de\/wp-json\/wp\/v2\/users\/1"}],"replies":[{"embeddable":true,"href":"https:\/\/drhikmetihsaneren.com\/de\/wp-json\/wp\/v2\/comments?post=14277"}],"version-history":[{"count":7,"href":"https:\/\/drhikmetihsaneren.com\/de\/wp-json\/wp\/v2\/pages\/14277\/revisions"}],"predecessor-version":[{"id":14285,"href":"https:\/\/drhikmetihsaneren.com\/de\/wp-json\/wp\/v2\/pages\/14277\/revisions\/14285"}],"wp:attachment":[{"href":"https:\/\/drhikmetihsaneren.com\/de\/wp-json\/wp\/v2\/media?parent=14277"}],"curies":[{"name":"wp","href":"https:\/\/api.w.org\/{rel}","templated":true}]}}