{"id":566,"date":"2023-08-18T03:22:49","date_gmt":"2023-08-18T00:22:49","guid":{"rendered":"http:\/\/wpdemo.archiwp.com\/maxbizz\/?page_id=566"},"modified":"2023-08-18T03:22:49","modified_gmt":"2023-08-18T00:22:49","slug":"faq","status":"publish","type":"page","link":"https:\/\/drhikmetihsaneren.com\/de\/faq\/","title":{"rendered":"FAQ"},"content":{"rendered":"<div data-elementor-type=\"wp-page\" data-elementor-id=\"566\" class=\"elementor elementor-566\">\n\t\t\t\t\t\t<section class=\"elementor-section elementor-top-section elementor-element elementor-element-1fad6c2 elementor-section-boxed elementor-section-height-default elementor-section-height-default\" data-id=\"1fad6c2\" data-element_type=\"section\" data-e-type=\"section\">\n\t\t\t\t\t\t<div class=\"elementor-container elementor-column-gap-default\">\n\t\t\t\t\t<div class=\"elementor-column elementor-col-100 elementor-top-column elementor-element elementor-element-cfef8fb ot-flex-column-vertical\" data-id=\"cfef8fb\" data-element_type=\"column\" data-e-type=\"column\">\n\t\t\t<div class=\"elementor-widget-wrap elementor-element-populated\">\n\t\t\t\t\t\t<section class=\"elementor-section elementor-inner-section elementor-element elementor-element-b29ca39 elementor-section-full_width elementor-section-height-default elementor-section-height-default\" data-id=\"b29ca39\" data-element_type=\"section\" data-e-type=\"section\">\n\t\t\t\t\t\t<div class=\"elementor-container elementor-column-gap-default\">\n\t\t\t\t\t<div class=\"elementor-column elementor-col-33 elementor-inner-column elementor-element elementor-element-3d04547 ot-flex-column-vertical\" data-id=\"3d04547\" data-element_type=\"column\" data-e-type=\"column\">\n\t\t\t<div class=\"elementor-widget-wrap\">\n\t\t\t\t\t\t\t<\/div>\n\t\t<\/div>\n\t\t\t\t<div class=\"elementor-column elementor-col-33 elementor-inner-column elementor-element elementor-element-ba86566 ot-flex-column-vertical\" data-id=\"ba86566\" data-element_type=\"column\" data-e-type=\"column\">\n\t\t\t<div class=\"elementor-widget-wrap elementor-element-populated\">\n\t\t\t\t\t\t<div class=\"elementor-element elementor-element-4865c99 elementor-widget elementor-widget-iheading\" data-id=\"4865c99\" data-element_type=\"widget\" data-e-type=\"widget\" data-widget_type=\"iheading.default\">\n\t\t\t\t<div class=\"elementor-widget-container\">\n\t\t\t\t\t\t\t<div class=\"ot-heading\">\r\n\t        <span class=\"\">FAQ<\/span>\t        <h3 class=\"main-head\">H\u00e4ufig gestellte Fragen<\/h3>\t    <\/div>\r\n\t    \t\t\t\t<\/div>\n\t\t\t\t<\/div>\n\t\t\t\t<div class=\"elementor-element elementor-element-f714140 elementor-widget elementor-widget-text-editor\" data-id=\"f714140\" data-element_type=\"widget\" data-e-type=\"widget\" data-widget_type=\"text-editor.default\">\n\t\t\t\t<div class=\"elementor-widget-container\">\n\t\t\t\t\t\t\t\t\t<p>Nachfolgend finden Sie h\u00e4ufig gestellte Fragen und Antworten. Wenn Sie eine andere Frage haben, kontaktieren Sie uns!<\/p>\t\t\t\t\t\t\t\t<\/div>\n\t\t\t\t<\/div>\n\t\t\t\t\t<\/div>\n\t\t<\/div>\n\t\t\t\t<div class=\"elementor-column elementor-col-33 elementor-inner-column elementor-element elementor-element-af5bfe2 ot-flex-column-vertical\" data-id=\"af5bfe2\" data-element_type=\"column\" data-e-type=\"column\">\n\t\t\t<div class=\"elementor-widget-wrap\">\n\t\t\t\t\t\t\t<\/div>\n\t\t<\/div>\n\t\t\t\t\t<\/div>\n\t\t<\/section>\n\t\t\t\t<section class=\"elementor-section elementor-inner-section elementor-element elementor-element-0e107ea elementor-section-full_width elementor-section-height-default elementor-section-height-default\" data-id=\"0e107ea\" data-element_type=\"section\" data-e-type=\"section\">\n\t\t\t\t\t\t<div class=\"elementor-container elementor-column-gap-extended\">\n\t\t\t\t\t<div class=\"elementor-column elementor-col-50 elementor-inner-column elementor-element elementor-element-531351e ot-flex-column-vertical\" data-id=\"531351e\" data-element_type=\"column\" data-e-type=\"column\">\n\t\t\t<div class=\"elementor-widget-wrap elementor-element-populated\">\n\t\t\t\t\t\t<div class=\"elementor-element elementor-element-2e8ff7b elementor-widget elementor-widget-iaccordions\" data-id=\"2e8ff7b\" data-element_type=\"widget\" data-e-type=\"widget\" data-widget_type=\"iaccordions.default\">\n\t\t\t\t<div class=\"elementor-widget-container\">\n\t\t\t\t\t\r\n\t\t<div class=\"ot-accordions\">\r\n\t\t\t\t\t\t<div class=\"acc-item\">\r\n\t\t\t\t<div class=\"acc-toggle flex-middle\" data-default=\"yes\" >Was ist Gesichts\u00e4sthetik? \r\n\t\t\t\t\t<i class=\"ot-flaticon-arrowsoutline\"><\/i>\r\n\t\t\t\t<\/div>\r\n\t\t\t\t<div class=\"acc-content\">\r\n\t\t\t\t\t<p>Unter Gesichts\u00e4sthetik versteht man einen medizinischen Bereich, der chirurgische oder nicht-chirurgische Eingriffe umfasst, die zur Verbesserung des Erscheinungsbildes des Gesichts durchgef\u00fchrt werden. Zu diesen Eingriffen k\u00f6nnen im Allgemeinen Eingriffe wie Nasen\u00e4sthetik (Rhinoplastik), Facelift (Rhidoplastik) und Augenlid\u00e4sthetik (Blepharoplastik) geh\u00f6ren.<\/p>\t\t\t\t<\/div>\r\n\t\t\t<\/div>\r\n\t\t\t\t\t\t<div class=\"acc-item\">\r\n\t\t\t\t<div class=\"acc-toggle flex-middle\"  >Welche gesichts\u00e4sthetischen Eingriffe sind am h\u00e4ufigsten? \r\n\t\t\t\t\t<i class=\"ot-flaticon-arrowsoutline\"><\/i>\r\n\t\t\t\t<\/div>\r\n\t\t\t\t<div class=\"acc-content\">\r\n\t\t\t\t\t<p>Zu den h\u00e4ufigsten \u00e4sthetischen Eingriffen im Gesicht geh\u00f6ren Nasenkorrektur, Facelift, Augenlid\u00e4sthetik, Lippenf\u00fcller und Botox. Diese Verfahren k\u00f6nnen je nach den Vorlieben und Bed\u00fcrfnissen der Person angewendet werden.<\/p>\t\t\t\t<\/div>\r\n\t\t\t<\/div>\r\n\t\t\t\t\t\t<div class=\"acc-item\">\r\n\t\t\t\t<div class=\"acc-toggle flex-middle\"  >Wer ist ein geeigneter Kandidat f\u00fcr einen gesichts\u00e4sthetischen Eingriff? \r\n\t\t\t\t\t<i class=\"ot-flaticon-arrowsoutline\"><\/i>\r\n\t\t\t\t<\/div>\r\n\t\t\t\t<div class=\"acc-content\">\r\n\t\t\t\t\t<p>Die m\u00f6gliche Kandidatur kann je nach Art des Eingriffs und dem Gesundheitszustand der Person variieren. Um ein guter Kandidat zu sein, muss sich die Person im Allgemeinen in einem guten allgemeinen Gesundheitszustand befinden, realistische Erwartungen an den Eingriff haben und bereit sein, die Anweisungen vor und nach der Operation zu befolgen. Es ist wichtig, die Eignung f\u00fcr Ihre pers\u00f6nliche Situation in Absprache mit einem Arzt zu beurteilen.<\/p>\t\t\t\t<\/div>\r\n\t\t\t<\/div>\r\n\t\t\t\t\t\t<div class=\"acc-item\">\r\n\t\t\t\t<div class=\"acc-toggle flex-middle\"  >Welche nicht-chirurgischen M\u00f6glichkeiten der Gesichts\u00e4sthetik gibt es? \r\n\t\t\t\t\t<i class=\"ot-flaticon-arrowsoutline\"><\/i>\r\n\t\t\t\t<\/div>\r\n\t\t\t\t<div class=\"acc-content\">\r\n\t\t\t\t\t<p>Bei der nicht-chirurgischen Gesichts\u00e4sthetik handelt es sich um Verfahren, die weniger invasiv sind und im Allgemeinen weniger Erholungszeit erfordern als chirurgische Verfahren. Zu diesen Optionen k\u00f6nnen Methoden wie Botox-Injektionen, F\u00fcllstoffe (wie Hyalurons\u00e4ure), chemische Peelings, Laserbehandlungen und Mikroinjektionen geh\u00f6ren.<\/p>\t\t\t\t<\/div>\r\n\t\t\t<\/div>\r\n\t\t\t\t\t\t<div class=\"acc-item\">\r\n\t\t\t\t<div class=\"acc-toggle flex-middle\"  >Welche Risiken birgt die Gesichts\u00e4sthetik? \r\n\t\t\t\t\t<i class=\"ot-flaticon-arrowsoutline\"><\/i>\r\n\t\t\t\t<\/div>\r\n\t\t\t\t<div class=\"acc-content\">\r\n\t\t\t\t\t<p>Wie bei jedem medizinischen Eingriff bergen \u00e4sthetische Eingriffe im Gesicht einige Risiken. Dazu k\u00f6nnen Komplikationen wie Infektionen, An\u00e4sthesiereaktionen, unerwartete Ergebnisse, Narbenbildung und vor\u00fcbergehendes Taubheitsgef\u00fchl geh\u00f6ren. Daher ist es wichtig, vor dem Eingriff ein ausf\u00fchrliches Beratungsgespr\u00e4ch mit einem Facharzt zu f\u00fchren und die Risiken zu verstehen.<\/p>\t\t\t\t<\/div>\r\n\t\t\t<\/div>\r\n\t\t\t\t\t\t<div class=\"acc-item\">\r\n\t\t\t\t<div class=\"acc-toggle flex-middle\"  >Was ist K\u00f6rper\u00e4sthetik? \r\n\t\t\t\t\t<i class=\"ot-flaticon-arrowsoutline\"><\/i>\r\n\t\t\t\t<\/div>\r\n\t\t\t\t<div class=\"acc-content\">\r\n\t\t\t\t\t<p>K\u00f6rper\u00e4sthetik bezieht sich auf einen medizinischen Bereich, der chirurgische oder nicht-chirurgische Eingriffe umfasst, die zur Korrektur, Formung oder Verbesserung des K\u00f6rperbildes durchgef\u00fchrt werden. <a href=\"https:\/\/drhikmetihsaneren.com\/de\/was-ist-fettabsaugung\/\">Fettabsaugung<\/a>Als Beispiele f\u00fcr die K\u00f6rper\u00e4sthetik k\u00f6nnen Eingriffe wie Bauchdeckenstraffung, Brustvergr\u00f6\u00dferung oder -verkleinerung genannt werden.<\/p>\t\t\t\t<\/div>\r\n\t\t\t<\/div>\r\n\t\t\t\t    <\/div>\r\n\r\n\t    \t\t\t\t<\/div>\n\t\t\t\t<\/div>\n\t\t\t\t\t<\/div>\n\t\t<\/div>\n\t\t\t\t<div class=\"elementor-column elementor-col-50 elementor-inner-column elementor-element elementor-element-a627a5f ot-flex-column-vertical\" data-id=\"a627a5f\" data-element_type=\"column\" data-e-type=\"column\">\n\t\t\t<div class=\"elementor-widget-wrap elementor-element-populated\">\n\t\t\t\t\t\t<div class=\"elementor-element elementor-element-8463953 elementor-widget elementor-widget-iaccordions\" data-id=\"8463953\" data-element_type=\"widget\" data-e-type=\"widget\" data-widget_type=\"iaccordions.default\">\n\t\t\t\t<div class=\"elementor-widget-container\">\n\t\t\t\t\t\r\n\t\t<div class=\"ot-accordions\">\r\n\t\t\t\t\t\t<div class=\"acc-item\">\r\n\t\t\t\t<div class=\"acc-toggle flex-middle\" data-default=\"yes\" >Welche nicht-chirurgischen M\u00f6glichkeiten zur K\u00f6rper\u00e4sthetik gibt es? \r\n\t\t\t\t\t<i class=\"ot-flaticon-arrowsoutline\"><\/i>\r\n\t\t\t\t<\/div>\r\n\t\t\t\t<div class=\"acc-content\">\r\n\t\t\t\t\t<p>Zu den nicht-chirurgischen Optionen f\u00fcr die K\u00f6rper\u00e4sthetik geh\u00f6ren Verfahren, die nicht-chirurgisch und im Allgemeinen weniger invasiv sind. Dazu k\u00f6nnen Methoden wie Fettgefrieren (Kryolipolyse), Laserlipolyse, Radiofrequenz- oder Ultraschalltechnologien zur K\u00f6rperformung geh\u00f6ren.<\/p>\t\t\t\t<\/div>\r\n\t\t\t<\/div>\r\n\t\t\t\t\t\t<div class=\"acc-item\">\r\n\t\t\t\t<div class=\"acc-toggle flex-middle\"  >Welche Risiken birgt die K\u00f6rper\u00e4sthetik? \r\n\t\t\t\t\t<i class=\"ot-flaticon-arrowsoutline\"><\/i>\r\n\t\t\t\t<\/div>\r\n\t\t\t\t<div class=\"acc-content\">\r\n\t\t\t\t\t<p>Auch k\u00f6rper\u00e4sthetische Eingriffe k\u00f6nnen Risiken bergen. Zu diesen Risiken k\u00f6nnen Infektionen, An\u00e4sthesiereaktionen, Wundheilungsprobleme, unerwartete Ergebnisse und sensorische Ver\u00e4nderungen geh\u00f6ren. Generell kann es bei chirurgischen Eingriffen zu l\u00e4ngeren Erholungszeiten kommen. Daher ist es wichtig, vor dem Eingriff eine ausf\u00fchrliche Beratung mit einem Fachchirurgen durchzuf\u00fchren und die Risiken zu verstehen.<\/p>\t\t\t\t<\/div>\r\n\t\t\t<\/div>\r\n\t\t\t\t\t\t<div class=\"acc-item\">\r\n\t\t\t\t<div class=\"acc-toggle flex-middle\"  >Was ist Brust\u00e4sthetik? \r\n\t\t\t\t\t<i class=\"ot-flaticon-arrowsoutline\"><\/i>\r\n\t\t\t\t<\/div>\r\n\t\t\t\t<div class=\"acc-content\">\r\n\t\t\t\t\t<p>Unter Brust\u00e4sthetik versteht man einen medizinischen Bereich, der chirurgische oder nicht-chirurgische Eingriffe zur Korrektur, Formung oder Rekonstruktion des Aussehens der Brust umfasst. Im Rahmen der Brust\u00e4sthetik werden Eingriffe wie Brustvergr\u00f6\u00dferung, Brustverkleinerung, Bruststraffung und Brustrekonstruktion ber\u00fccksichtigt.<\/p>\t\t\t\t<\/div>\r\n\t\t\t<\/div>\r\n\t\t\t\t\t\t<div class=\"acc-item\">\r\n\t\t\t\t<div class=\"acc-toggle flex-middle\"  >Welche brust\u00e4sthetischen Eingriffe sind am h\u00e4ufigsten? \r\n\t\t\t\t\t<i class=\"ot-flaticon-arrowsoutline\"><\/i>\r\n\t\t\t\t<\/div>\r\n\t\t\t\t<div class=\"acc-content\">\r\n\t\t\t\t\t<p>Zu den h\u00e4ufigsten brust\u00e4sthetischen Eingriffen geh\u00f6ren Brustvergr\u00f6\u00dferung, Brustverkleinerung, Bruststraffung (Mastopexie), Brustrekonstruktion und Korrektur von Brustasymmetrien. Jeder von ihnen kann f\u00fcr unterschiedliche Zwecke bevorzugt werden.<\/p>\t\t\t\t<\/div>\r\n\t\t\t<\/div>\r\n\t\t\t\t\t\t<div class=\"acc-item\">\r\n\t\t\t\t<div class=\"acc-toggle flex-middle\"  >Wer ist f\u00fcr eine Brust\u00e4sthetik geeignet? \r\n\t\t\t\t\t<i class=\"ot-flaticon-arrowsoutline\"><\/i>\r\n\t\t\t\t<\/div>\r\n\t\t\t\t<div class=\"acc-content\">\r\n\t\t\t\t\t<p>Die Eignung von Brust\u00e4sthetik-Kandidaten h\u00e4ngt von Faktoren wie dem Gesundheitszustand, den Erwartungen und den anatomischen Merkmalen der Person ab. Personen, die sich im Allgemeinen in einem guten Gesundheitszustand befinden, die Brustentwicklung abgeschlossen haben und eine realistische Sicht auf die Ergebnisse des Eingriffs haben, k\u00f6nnen Kandidaten f\u00fcr eine Brust\u00e4sthetik sein.<\/p>\t\t\t\t<\/div>\r\n\t\t\t<\/div>\r\n\t\t\t\t\t\t<div class=\"acc-item\">\r\n\t\t\t\t<div class=\"acc-toggle flex-middle\"  >Wie werden brust\u00e4sthetische Eingriffe durchgef\u00fchrt? \r\n\t\t\t\t\t<i class=\"ot-flaticon-arrowsoutline\"><\/i>\r\n\t\t\t\t<\/div>\r\n\t\t\t\t<div class=\"acc-content\">\r\n\t\t\t\t\t<p>Bei brust\u00e4sthetischen Eingriffen k\u00f6nnen Implantate zur Brustvergr\u00f6\u00dferung eingesetzt werden, w\u00e4hrend \u00fcbersch\u00fcssiges Gewebe zur Brustverkleinerung und -straffung entfernt oder umgeformt werden kann. Bei der Brustrekonstruktion wird die Bruststruktur nach einer Mastektomie wiederhergestellt. Die Eingriffe k\u00f6nnen mit chirurgischen oder nicht-chirurgischen Methoden durchgef\u00fchrt werden.<\/p>\t\t\t\t<\/div>\r\n\t\t\t<\/div>\r\n\t\t\t\t    <\/div>\r\n\r\n\t    \t\t\t\t<\/div>\n\t\t\t\t<\/div>\n\t\t\t\t\t<\/div>\n\t\t<\/div>\n\t\t\t\t\t<\/div>\n\t\t<\/section>\n\t\t\t\t\t<\/div>\n\t\t<\/div>\n\t\t\t\t\t<\/div>\n\t\t<\/section>\n\t\t\t\t<\/div>","protected":false},"excerpt":{"rendered":"<p>SSS S\u0131k\u00e7a Sorulan Sorular S\u0131k sorulan sorular ve cevaplar\u0131na a\u015fa\u011f\u0131dan ula\u015fabilirsiniz. Farkl\u0131 bir sorunuz varsa bizimle ileti\u015fime ge\u00e7in! Y\u00fcz esteti\u011fi nedir? Y\u00fcz esteti\u011fi, y\u00fcz\u00fcn g\u00f6r\u00fcn\u00fcm\u00fcn\u00fc iyile\u015ftirmek amac\u0131yla yap\u0131lan cerrahi veya cerrahi olmayan i\u015flemleri kapsayan bir t\u0131bbi alan\u0131 ifade eder. Bu i\u015flemler genellikle burun esteti\u011fi (rinoplasti), y\u00fcz germe (ritidoplasti), g\u00f6z kapa\u011f\u0131 esteti\u011fi (blefaroplasti) gibi prosed\u00fcrleri i\u00e7erebilir. [&hellip;]<\/p>\n","protected":false},"author":1,"featured_media":0,"parent":0,"menu_order":0,"comment_status":"closed","ping_status":"closed","template":"","meta":{"content-type":"","inline_featured_image":false,"footnotes":""},"class_list":["post-566","page","type-page","status-publish","hentry"],"yoast_head":"<!-- This site is optimized with the Yoast SEO plugin v27.4 - https:\/\/yoast.com\/product\/yoast-seo-wordpress\/ -->\n<title>S\u0131k\u00e7a Sorulan Sorular | Op.Dr. Hikmet \u0130hsan Eren<\/title>\n<meta name=\"robots\" content=\"index, follow, max-snippet:-1, max-image-preview:large, max-video-preview:-1\" \/>\n<link rel=\"canonical\" href=\"https:\/\/drhikmetihsaneren.com\/de\/faq\/\" \/>\n<meta property=\"og:locale\" content=\"de_DE\" \/>\n<meta property=\"og:type\" content=\"article\" \/>\n<meta property=\"og:title\" content=\"S\u0131k\u00e7a Sorulan Sorular | Op.Dr. Hikmet \u0130hsan Eren\" \/>\n<meta property=\"og:description\" content=\"SSS S\u0131k\u00e7a Sorulan Sorular S\u0131k sorulan sorular ve cevaplar\u0131na a\u015fa\u011f\u0131dan ula\u015fabilirsiniz. Farkl\u0131 bir sorunuz varsa bizimle ileti\u015fime ge\u00e7in! Y\u00fcz esteti\u011fi nedir? Y\u00fcz esteti\u011fi, y\u00fcz\u00fcn g\u00f6r\u00fcn\u00fcm\u00fcn\u00fc iyile\u015ftirmek amac\u0131yla yap\u0131lan cerrahi veya cerrahi olmayan i\u015flemleri kapsayan bir t\u0131bbi alan\u0131 ifade eder. Bu i\u015flemler genellikle burun esteti\u011fi (rinoplasti), y\u00fcz germe (ritidoplasti), g\u00f6z kapa\u011f\u0131 esteti\u011fi (blefaroplasti) gibi prosed\u00fcrleri i\u00e7erebilir. [&hellip;]\" \/>\n<meta property=\"og:url\" content=\"https:\/\/drhikmetihsaneren.com\/de\/faq\/\" \/>\n<meta property=\"og:site_name\" content=\"Op. Hikmet \u0130hsan Eren\" \/>\n<meta name=\"twitter:card\" content=\"summary_large_image\" \/>\n<meta name=\"twitter:label1\" content=\"Gesch\u00e4tzte Lesezeit\" \/>\n\t<meta name=\"twitter:data1\" content=\"4\u00a0Minuten\" \/>\n<script type=\"application\/ld+json\" class=\"yoast-schema-graph\">{\"@context\":\"https:\\\/\\\/schema.org\",\"@graph\":[{\"@type\":\"WebPage\",\"@id\":\"https:\\\/\\\/drhikmetihsaneren.com\\\/sss\\\/\",\"url\":\"https:\\\/\\\/drhikmetihsaneren.com\\\/sss\\\/\",\"name\":\"S\u0131k\u00e7a Sorulan Sorular | Op.Dr. Hikmet \u0130hsan Eren\",\"isPartOf\":{\"@id\":\"https:\\\/\\\/drhikmetihsaneren.com\\\/#website\"},\"datePublished\":\"2023-08-18T00:22:49+00:00\",\"breadcrumb\":{\"@id\":\"https:\\\/\\\/drhikmetihsaneren.com\\\/sss\\\/#breadcrumb\"},\"inLanguage\":\"de\",\"potentialAction\":[{\"@type\":\"ReadAction\",\"target\":[\"https:\\\/\\\/drhikmetihsaneren.com\\\/sss\\\/\"]}]},{\"@type\":\"BreadcrumbList\",\"@id\":\"https:\\\/\\\/drhikmetihsaneren.com\\\/sss\\\/#breadcrumb\",\"itemListElement\":[{\"@type\":\"ListItem\",\"position\":1,\"name\":\"Anasayfa\",\"item\":\"https:\\\/\\\/drhikmetihsaneren.com\\\/\"},{\"@type\":\"ListItem\",\"position\":2,\"name\":\"SSS\"}]},{\"@type\":\"WebSite\",\"@id\":\"https:\\\/\\\/drhikmetihsaneren.com\\\/#website\",\"url\":\"https:\\\/\\\/drhikmetihsaneren.com\\\/\",\"name\":\"Op. Hikmet \u0130hsan Eren\",\"description\":\"Estetik Cerrahi\",\"potentialAction\":[{\"@type\":\"SearchAction\",\"target\":{\"@type\":\"EntryPoint\",\"urlTemplate\":\"https:\\\/\\\/drhikmetihsaneren.com\\\/?s={search_term_string}\"},\"query-input\":{\"@type\":\"PropertyValueSpecification\",\"valueRequired\":true,\"valueName\":\"search_term_string\"}}],\"inLanguage\":\"de\"}]}<\/script>\n<!-- \/ Yoast SEO plugin. -->","yoast_head_json":{"title":"H\u00e4ufig gestellte Fragen | Op.Dr. Hikmet \u0130hsan Eren","robots":{"index":"index","follow":"follow","max-snippet":"max-snippet:-1","max-image-preview":"max-image-preview:large","max-video-preview":"max-video-preview:-1"},"canonical":"https:\/\/drhikmetihsaneren.com\/de\/faq\/","og_locale":"de_DE","og_type":"article","og_title":"S\u0131k\u00e7a Sorulan Sorular | Op.Dr. Hikmet \u0130hsan Eren","og_description":"SSS S\u0131k\u00e7a Sorulan Sorular S\u0131k sorulan sorular ve cevaplar\u0131na a\u015fa\u011f\u0131dan ula\u015fabilirsiniz. Farkl\u0131 bir sorunuz varsa bizimle ileti\u015fime ge\u00e7in! Y\u00fcz esteti\u011fi nedir? Y\u00fcz esteti\u011fi, y\u00fcz\u00fcn g\u00f6r\u00fcn\u00fcm\u00fcn\u00fc iyile\u015ftirmek amac\u0131yla yap\u0131lan cerrahi veya cerrahi olmayan i\u015flemleri kapsayan bir t\u0131bbi alan\u0131 ifade eder. Bu i\u015flemler genellikle burun esteti\u011fi (rinoplasti), y\u00fcz germe (ritidoplasti), g\u00f6z kapa\u011f\u0131 esteti\u011fi (blefaroplasti) gibi prosed\u00fcrleri i\u00e7erebilir. [&hellip;]","og_url":"https:\/\/drhikmetihsaneren.com\/de\/faq\/","og_site_name":"Op. Hikmet \u0130hsan Eren","twitter_card":"summary_large_image","twitter_misc":{"Gesch\u00e4tzte Lesezeit":"4\u00a0Minuten"},"schema":{"@context":"https:\/\/schema.org","@graph":[{"@type":"WebPage","@id":"https:\/\/drhikmetihsaneren.com\/sss\/","url":"https:\/\/drhikmetihsaneren.com\/sss\/","name":"H\u00e4ufig gestellte Fragen | Op.Dr. Hikmet \u0130hsan Eren","isPartOf":{"@id":"https:\/\/drhikmetihsaneren.com\/#website"},"datePublished":"2023-08-18T00:22:49+00:00","breadcrumb":{"@id":"https:\/\/drhikmetihsaneren.com\/sss\/#breadcrumb"},"inLanguage":"de","potentialAction":[{"@type":"ReadAction","target":["https:\/\/drhikmetihsaneren.com\/sss\/"]}]},{"@type":"BreadcrumbList","@id":"https:\/\/drhikmetihsaneren.com\/sss\/#breadcrumb","itemListElement":[{"@type":"ListItem","position":1,"name":"Anasayfa","item":"https:\/\/drhikmetihsaneren.com\/"},{"@type":"ListItem","position":2,"name":"SSS"}]},{"@type":"WebSite","@id":"https:\/\/drhikmetihsaneren.com\/#website","url":"https:\/\/drhikmetihsaneren.com\/","name":"Kuss. Hikmet \u0130hsan Eren","description":"Plastische Chirurgie","potentialAction":[{"@type":"SearchAction","target":{"@type":"EntryPoint","urlTemplate":"https:\/\/drhikmetihsaneren.com\/?s={search_term_string}"},"query-input":{"@type":"PropertyValueSpecification","valueRequired":true,"valueName":"search_term_string"}}],"inLanguage":"de"}]}},"_links":{"self":[{"href":"https:\/\/drhikmetihsaneren.com\/de\/wp-json\/wp\/v2\/pages\/566","targetHints":{"allow":["GET"]}}],"collection":[{"href":"https:\/\/drhikmetihsaneren.com\/de\/wp-json\/wp\/v2\/pages"}],"about":[{"href":"https:\/\/drhikmetihsaneren.com\/de\/wp-json\/wp\/v2\/types\/page"}],"author":[{"embeddable":true,"href":"https:\/\/drhikmetihsaneren.com\/de\/wp-json\/wp\/v2\/users\/1"}],"replies":[{"embeddable":true,"href":"https:\/\/drhikmetihsaneren.com\/de\/wp-json\/wp\/v2\/comments?post=566"}],"version-history":[{"count":12,"href":"https:\/\/drhikmetihsaneren.com\/de\/wp-json\/wp\/v2\/pages\/566\/revisions"}],"predecessor-version":[{"id":6032,"href":"https:\/\/drhikmetihsaneren.com\/de\/wp-json\/wp\/v2\/pages\/566\/revisions\/6032"}],"wp:attachment":[{"href":"https:\/\/drhikmetihsaneren.com\/de\/wp-json\/wp\/v2\/media?parent=566"}],"curies":[{"name":"wp","href":"https:\/\/api.w.org\/{rel}","templated":true}]}}