{"id":455,"date":"2023-08-18T03:22:32","date_gmt":"2023-08-18T00:22:32","guid":{"rendered":"http:\/\/wpdemo.archiwp.com\/maxbizz\/?page_id=455"},"modified":"2023-08-18T14:49:19","modified_gmt":"2023-08-18T11:49:19","slug":"communication","status":"publish","type":"page","link":"https:\/\/drhikmetihsaneren.com\/fr\/communication\/","title":{"rendered":"Communication"},"content":{"rendered":"<div data-elementor-type=\"wp-page\" data-elementor-id=\"455\" class=\"elementor elementor-455\">\n\t\t\t\t\t\t<section class=\"elementor-section elementor-top-section elementor-element elementor-element-86d48d0 elementor-section-boxed elementor-section-height-default elementor-section-height-default\" data-id=\"86d48d0\" data-element_type=\"section\" data-e-type=\"section\">\n\t\t\t\t\t\t<div class=\"elementor-container elementor-column-gap-extended\">\n\t\t\t\t\t<div class=\"elementor-column elementor-col-33 elementor-top-column elementor-element elementor-element-1feabce ot-flex-column-vertical\" data-id=\"1feabce\" data-element_type=\"column\" data-e-type=\"column\">\n\t\t\t<div class=\"elementor-widget-wrap elementor-element-populated\">\n\t\t\t\t\t\t<div class=\"elementor-element elementor-element-030e332 elementor-widget elementor-widget-iheading\" data-id=\"030e332\" data-element_type=\"widget\" data-e-type=\"widget\" data-widget_type=\"iheading.default\">\n\t\t\t\t<div class=\"elementor-widget-container\">\n\t\t\t\t\t\t\t<div class=\"ot-heading\">\r\n\t        <span class=\"\">Entrer en contact!<\/span>\t        <h3 class=\"main-head\">Communication<\/h3>\t    <\/div>\r\n\t    \t\t\t\t<\/div>\n\t\t\t\t<\/div>\n\t\t\t\t<div class=\"elementor-element elementor-element-588e854 elementor-widget elementor-widget-text-editor\" data-id=\"588e854\" data-element_type=\"widget\" data-e-type=\"widget\" data-widget_type=\"text-editor.default\">\n\t\t\t\t<div class=\"elementor-widget-container\">\n\t\t\t\t\t\t\t\t\t<p>Appelez-nous ou passez nous voir \u00e0 tout moment, nous essayons de r\u00e9pondre \u00e0 toutes les questions dans les 24 heures les jours ouvrables. Nous serons heureux de r\u00e9pondre \u00e0 vos questions.<\/p>\t\t\t\t\t\t\t\t<\/div>\n\t\t\t\t<\/div>\n\t\t\t\t<div class=\"elementor-element elementor-element-130afd7 box-s1 icon-left elementor-widget elementor-widget-iiconbox2\" data-id=\"130afd7\" data-element_type=\"widget\" data-e-type=\"widget\" data-widget_type=\"iiconbox2.default\">\n\t\t\t\t<div class=\"elementor-widget-container\">\n\t\t\t\t\t\t\t<div class=\"icon-box icon-box-2\">\r\n\t\t\t<div class=\"icon-main\">\r\n\t\t        <svg xmlns=\"http:\/\/www.w3.org\/2000\/svg\" xmlns:xlink=\"http:\/\/www.w3.org\/1999\/xlink\" x=\"0px\" y=\"0px\" viewbox=\"0 0 512 512\" style=\"enable-background:new 0 0 512 512;\" xml:space=\"preserve\"><g>\t<g>\t\t<path d=\"M256,0C150.125,0,64,86.135,64,192c0,141.646,177.146,310,184.688,317.104C250.75,511.031,253.375,512,256,512   s5.25-0.969,7.313-2.896C270.854,502,448,333.646,448,192C448,86.135,361.875,0,256,0z M256,298.667   c-58.813,0-106.667-47.854-106.667-106.667S197.188,85.333,256,85.333S362.667,133.188,362.667,192S314.813,298.667,256,298.667z\"><\/path>\t<\/g><\/g><\/svg>\t        <\/div>\r\n\t        <div class=\"content-box\">\r\n\t\t\t\t<h6 class=\"title-box\"><a href=\"https:\/\/goo.gl\/maps\/mAtaXQnPRfZaPgFUA\">Visite<\/a><\/h6>\t\t\t\t<p>Harbiye Si\u015fli \/ Istanbul<\/p>\t\t\t<\/div>\r\n\t    <\/div>\r\n\t    \t\t\t\t<\/div>\n\t\t\t\t<\/div>\n\t\t\t\t<div class=\"elementor-element elementor-element-8ab1650 box-s1 icon-left elementor-widget elementor-widget-iiconbox2\" data-id=\"8ab1650\" data-element_type=\"widget\" data-e-type=\"widget\" data-widget_type=\"iiconbox2.default\">\n\t\t\t\t<div class=\"elementor-widget-container\">\n\t\t\t\t\t\t\t<div class=\"icon-box icon-box-2\">\r\n\t\t\t<div class=\"icon-main\">\r\n\t\t        <svg xmlns=\"http:\/\/www.w3.org\/2000\/svg\" xmlns:xlink=\"http:\/\/www.w3.org\/1999\/xlink\" x=\"0px\" y=\"0px\" viewbox=\"0 0 384 384\" style=\"enable-background:new 0 0 384 384;\" xml:space=\"preserve\"><g>\t<g>\t\t<path d=\"M353.188,252.052c-23.51,0-46.594-3.677-68.469-10.906c-10.719-3.656-23.896-0.302-30.438,6.417l-43.177,32.594   c-50.073-26.729-80.917-57.563-107.281-107.26l31.635-42.052c8.219-8.208,11.167-20.198,7.635-31.448   c-7.26-21.99-10.948-45.063-10.948-68.583C132.146,13.823,118.323,0,101.333,0H30.813C13.823,0,0,13.823,0,30.813   C0,225.563,158.438,384,353.188,384c16.99,0,30.813-13.823,30.813-30.813v-70.323C384,265.875,370.177,252.052,353.188,252.052z\"><\/path>\t<\/g><\/g><\/svg>\t        <\/div>\r\n\t        <div class=\"content-box\">\r\n\t\t\t\t<h6 class=\"title-box\"><a href=\"tel:+90 554 371 77 63\">Appelle maintenant<\/a><\/h6>\t\t\t\t<p>+90 554 371 77 63<\/p>\t\t\t<\/div>\r\n\t    <\/div>\r\n\t    \t\t\t\t<\/div>\n\t\t\t\t<\/div>\n\t\t\t\t<div class=\"elementor-element elementor-element-f3cf3dd box-s1 icon-left elementor-widget elementor-widget-iiconbox2\" data-id=\"f3cf3dd\" data-element_type=\"widget\" data-e-type=\"widget\" data-widget_type=\"iiconbox2.default\">\n\t\t\t\t<div class=\"elementor-widget-container\">\n\t\t\t\t\t\t\t<div class=\"icon-box icon-box-2\">\r\n\t\t\t<div class=\"icon-main\">\r\n\t\t        <svg xmlns=\"http:\/\/www.w3.org\/2000\/svg\" viewbox=\"0 0 24 24\"><path d=\"m8.75 17.612v4.638c0 .324.208.611.516.713.077.025.156.037.234.037.234 0 .46-.11.604-.306l2.713-3.692z\"><\/path><path d=\"m23.685.139c-.23-.163-.532-.185-.782-.054l-22.5 11.75c-.266.139-.423.423-.401.722.023.3.222.556.505.653l6.255 2.138 13.321-11.39-10.308 12.419 10.483 3.583c.078.026.16.04.242.04.136 0 .271-.037.39-.109.19-.116.319-.311.352-.53l2.75-18.5c.041-.28-.077-.558-.307-.722z\"><\/path><\/svg>\t        <\/div>\r\n\t        <div class=\"content-box\">\r\n\t\t\t\t<h6 class=\"title-box\"><a href=\"mailto:info@hikmetihsaneren.com\">E-mail<\/a><\/h6>\t\t\t\t<p>info@hikmetihsaneren.com<\/p>\t\t\t<\/div>\r\n\t    <\/div>\r\n\t    \t\t\t\t<\/div>\n\t\t\t\t<\/div>\n\t\t\t\t\t<\/div>\n\t\t<\/div>\n\t\t\t\t<div class=\"elementor-column elementor-col-66 elementor-top-column elementor-element elementor-element-89ca7e2 ot-flex-column-vertical\" data-id=\"89ca7e2\" data-element_type=\"column\" data-e-type=\"column\">\n\t\t\t<div class=\"elementor-widget-wrap elementor-element-populated\">\n\t\t\t\t\t\t<div class=\"elementor-element elementor-element-4fb28a7 elementor-widget elementor-widget-image\" data-id=\"4fb28a7\" data-element_type=\"widget\" data-e-type=\"widget\" data-widget_type=\"image.default\">\n\t\t\t\t<div class=\"elementor-widget-container\">\n\t\t\t\t\t\t\t\t\t\t\t\t\t\t\t<img fetchpriority=\"high\" decoding=\"async\" width=\"822\" height=\"851\" src=\"https:\/\/drhikmetihsaneren.com\/wp-content\/uploads\/2023\/08\/Adsiz-tasarim-2.png\" class=\"attachment-full size-full wp-image-5976\" alt=\"communication\" srcset=\"https:\/\/drhikmetihsaneren.com\/wp-content\/uploads\/2023\/08\/Adsiz-tasarim-2.png 822w, https:\/\/drhikmetihsaneren.com\/wp-content\/uploads\/2023\/08\/Adsiz-tasarim-2-768x795.png 768w\" sizes=\"(max-width: 822px) 100vw, 822px\" \/>\t\t\t\t\t\t\t\t\t\t\t\t\t\t\t<\/div>\n\t\t\t\t<\/div>\n\t\t\t\t\t<\/div>\n\t\t<\/div>\n\t\t\t\t\t<\/div>\n\t\t<\/section>\n\t\t\t\t<section class=\"elementor-section elementor-top-section elementor-element elementor-element-a5be57a elementor-section-boxed elementor-section-height-default elementor-section-height-default\" data-id=\"a5be57a\" data-element_type=\"section\" data-e-type=\"section\">\n\t\t\t\t\t\t<div class=\"elementor-container elementor-column-gap-default\">\n\t\t\t\t\t<div class=\"elementor-column elementor-col-100 elementor-top-column elementor-element elementor-element-574fa46 ot-flex-column-vertical\" data-id=\"574fa46\" data-element_type=\"column\" data-e-type=\"column\">\n\t\t\t<div class=\"elementor-widget-wrap elementor-element-populated\">\n\t\t\t\t\t\t<div class=\"elementor-element elementor-element-12e32dc elementor-widget elementor-widget-ictf7\" data-id=\"12e32dc\" data-element_type=\"widget\" data-e-type=\"widget\" data-widget_type=\"ictf7.default\">\n\t\t\t\t<div class=\"elementor-widget-container\">\n\t\t\t\t\t<div class=\"elementor-shortcode maxbizz-cf7-0\">\n<div class=\"wpcf7 no-js\" id=\"wpcf7-f1319-o1\" lang=\"en-US\" dir=\"ltr\" data-wpcf7-id=\"1319\">\n<div class=\"screen-reader-response\"><p role=\"status\" aria-live=\"polite\" aria-atomic=\"true\"><\/p> <ul><\/ul><\/div>\n<form action=\"\/fr\/wp-json\/wp\/v2\/pages\/455#wpcf7-f1319-o1\" method=\"post\" class=\"wpcf7-form init\" aria-label=\"Formulaire de contact\" novalidate=\"novalidate\" data-status=\"init\" data-trp-original-action=\"\/fr\/wp-json\/wp\/v2\/pages\/455#wpcf7-f1319-o1\">\n<fieldset class=\"hidden-fields-container\"><input type=\"hidden\" name=\"_wpcf7\" value=\"1319\" \/><input type=\"hidden\" name=\"_wpcf7_version\" value=\"6.1.5\" \/><input type=\"hidden\" name=\"_wpcf7_locale\" value=\"en_US\" \/><input type=\"hidden\" name=\"_wpcf7_unit_tag\" value=\"wpcf7-f1319-o1\" \/><input type=\"hidden\" name=\"_wpcf7_container_post\" value=\"0\" \/><input type=\"hidden\" name=\"_wpcf7_posted_data_hash\" value=\"\" \/>\n<\/fieldset>\n<div class=\"main-form\">\n\t<h4>Es-tu pr\u00eat \u00e0 commencer?\n\t<\/h4>\n\t<div class=\"row\">\n\t\t<p class=\"col-md-6\"><span class=\"wpcf7-form-control-wrap\" data-name=\"your-name\"><input size=\"40\" maxlength=\"400\" class=\"wpcf7-form-control wpcf7-text wpcf7-validates-as-required\" aria-required=\"true\" aria-invalid=\"false\" placeholder=\"Nom*\" value=\"\" type=\"text\" name=\"your-name\" \/><\/span>\n\t\t<\/p>\n\t\t<p class=\"col-md-6\"><span class=\"wpcf7-form-control-wrap\" data-name=\"your-email\"><input size=\"40\" maxlength=\"400\" class=\"wpcf7-form-control wpcf7-email wpcf7-text wpcf7-validates-as-email\" aria-invalid=\"false\" placeholder=\"E-mail\" value=\"\" type=\"email\" name=\"your-email\" \/><\/span>\n\t\t<\/p>\n\t<\/div>\n\t<p><span class=\"wpcf7-form-control-wrap\" data-name=\"your-site\"><input size=\"40\" maxlength=\"400\" class=\"wpcf7-form-control wpcf7-text wpcf7-validates-as-required\" aria-required=\"true\" aria-invalid=\"false\" placeholder=\"T\u00e9l\u00e9phone*\" value=\"\" type=\"text\" name=\"your-site\" \/><\/span>\n\t<\/p>\n\t<p><span class=\"wpcf7-form-control-wrap\" data-name=\"your-message\"><textarea cols=\"40\" rows=\"10\" maxlength=\"2000\" class=\"wpcf7-form-control wpcf7-textarea\" aria-invalid=\"false\" placeholder=\"Votre message..\" name=\"your-message\"><\/textarea><\/span>\n\t<\/p>\n\t<p><button type=\"submit\" class=\"octf-btn wpcf7-submit\">Envoyer<\/button>\n\t<\/p>\n<\/div><div class=\"wpcf7-response-output\" aria-hidden=\"true\"><\/div>\n<input type=\"hidden\" name=\"trp-form-language\" value=\"fr\"\/><\/form>\n<\/div>\n<\/div>\t\t\t\t<\/div>\n\t\t\t\t<\/div>\n\t\t\t\t\t<\/div>\n\t\t<\/div>\n\t\t\t\t\t<\/div>\n\t\t<\/section>\n\t\t\t\t<section class=\"elementor-section elementor-top-section elementor-element elementor-element-de4c36a elementor-section-full_width elementor-section-height-default elementor-section-height-default\" data-id=\"de4c36a\" data-element_type=\"section\" data-e-type=\"section\">\n\t\t\t\t\t\t<div class=\"elementor-container elementor-column-gap-default\">\n\t\t\t\t\t<div class=\"elementor-column elementor-col-100 elementor-top-column elementor-element elementor-element-f31c287 ot-flex-column-vertical\" data-id=\"f31c287\" data-element_type=\"column\" data-e-type=\"column\">\n\t\t\t<div class=\"elementor-widget-wrap elementor-element-populated\">\n\t\t\t\t\t\t<div class=\"elementor-element elementor-element-3e66202 elementor-widget elementor-widget-google_maps\" data-id=\"3e66202\" data-element_type=\"widget\" data-e-type=\"widget\" data-widget_type=\"google_maps.default\">\n\t\t\t\t<div class=\"elementor-widget-container\">\n\t\t\t\t\t\t\t<div class=\"elementor-custom-embed\">\n\t\t\t<iframe loading=\"lazy\"\n\t\t\t\t\tsrc=\"https:\/\/maps.google.com\/maps?q=Harbiye%2C%20K%C4%B1smet%20Apt%2C%20Te%C5%9Fvikiye%20Cd.%20No%3A49%20Kat%3A4%20Daire%3A6%2C%2034365%20%C5%9Ei%C5%9Fli%2F%C4%B0stanbul&#038;t=m&#038;z=10&#038;output=embed&#038;iwloc=near\"\n\t\t\t\t\ttitle=\"Harbiye, K\u0131smet Apt, Te\u015fvikiye Cd. No:49 \u00c9tage:4 Appartement:6, 34365 \u015ei\u015fli\/Istanbul\"\n\t\t\t\t\taria-label=\"Harbiye, K\u0131smet Apt, Te\u015fvikiye Cd. No:49 \u00c9tage:4 Appartement:6, 34365 \u015ei\u015fli\/Istanbul\"\n\t\t\t><\/iframe>\n\t\t<\/div>\n\t\t\t\t\t\t<\/div>\n\t\t\t\t<\/div>\n\t\t\t\t\t<\/div>\n\t\t<\/div>\n\t\t\t\t\t<\/div>\n\t\t<\/section>\n\t\t\t\t<\/div>","protected":false},"excerpt":{"rendered":"<p>Entrer en contact! Contact Appelez-nous ou passez nous voir \u00e0 tout moment, nous essayons de r\u00e9pondre \u00e0 toutes les questions dans les 24 heures les jours ouvrables. Nous serons heureux de r\u00e9pondre \u00e0 vos questions. Visitez Harbiye \u015ei\u015fli\/Istanbul Appelez maintenant +90 554 371 77 63 E-Mail info@hikmetihsaneren.com \u00cates-vous pr\u00eat \u00e0 commencer ? Envoyer<\/p>","protected":false},"author":1,"featured_media":0,"parent":0,"menu_order":0,"comment_status":"closed","ping_status":"closed","template":"","meta":{"content-type":"","inline_featured_image":false,"footnotes":""},"class_list":["post-455","page","type-page","status-publish","hentry"],"yoast_head":"<!-- This site is optimized with the Yoast SEO plugin v27.5 - https:\/\/yoast.com\/product\/yoast-seo-wordpress\/ -->\n<title>\u0130leti\u015fim | Op.Dr. Hikmet \u0130hsan Eren<\/title>\n<meta name=\"robots\" content=\"index, follow, max-snippet:-1, max-image-preview:large, max-video-preview:-1\" \/>\n<link rel=\"canonical\" href=\"https:\/\/drhikmetihsaneren.com\/fr\/communication\/\" \/>\n<meta property=\"og:locale\" content=\"fr_FR\" \/>\n<meta property=\"og:type\" content=\"article\" \/>\n<meta property=\"og:title\" content=\"\u0130leti\u015fim | Op.Dr. Hikmet \u0130hsan Eren\" \/>\n<meta property=\"og:description\" content=\"Temas Kurun! \u0130leti\u015fim Bizi aray\u0131n veya istedi\u011finiz zaman u\u011fray\u0131n, t\u00fcm sorular\u0131 i\u015f g\u00fcnlerinde 24 saat i\u00e7inde yan\u0131tlamaya \u00e7al\u0131\u015f\u0131yoruz. Sorular\u0131n\u0131z\u0131 yan\u0131tlamaktan mutluluk duyaca\u011f\u0131z. Ziyaret Edin Harbiye \u015ei\u015fli\/ \u0130stanbul Hemen Aray\u0131n +90 554 371 77 63 E-Posta info@hikmetihsaneren.com Ba\u015flamaya haz\u0131r m\u0131s\u0131n? G\u00f6nder\" \/>\n<meta property=\"og:url\" content=\"https:\/\/drhikmetihsaneren.com\/fr\/communication\/\" \/>\n<meta property=\"og:site_name\" content=\"Op. Hikmet \u0130hsan Eren\" \/>\n<meta property=\"article:modified_time\" content=\"2023-08-18T11:49:19+00:00\" \/>\n<meta property=\"og:image\" content=\"https:\/\/drhikmetihsaneren.com\/wp-content\/uploads\/2023\/08\/Adsiz-tasarim-2.png\" \/>\n<meta name=\"twitter:card\" content=\"summary_large_image\" \/>\n<meta name=\"twitter:label1\" content=\"Dur\u00e9e de lecture estim\u00e9e\" \/>\n\t<meta name=\"twitter:data1\" content=\"1 minute\" \/>\n<script type=\"application\/ld+json\" class=\"yoast-schema-graph\">{\"@context\":\"https:\\\/\\\/schema.org\",\"@graph\":[{\"@type\":\"WebPage\",\"@id\":\"https:\\\/\\\/drhikmetihsaneren.com\\\/iletisim\\\/\",\"url\":\"https:\\\/\\\/drhikmetihsaneren.com\\\/iletisim\\\/\",\"name\":\"\u0130leti\u015fim | Op.Dr. Hikmet \u0130hsan Eren\",\"isPartOf\":{\"@id\":\"https:\\\/\\\/drhikmetihsaneren.com\\\/#website\"},\"primaryImageOfPage\":{\"@id\":\"https:\\\/\\\/drhikmetihsaneren.com\\\/iletisim\\\/#primaryimage\"},\"image\":{\"@id\":\"https:\\\/\\\/drhikmetihsaneren.com\\\/iletisim\\\/#primaryimage\"},\"thumbnailUrl\":\"https:\\\/\\\/drhikmetihsaneren.com\\\/wp-content\\\/uploads\\\/2023\\\/08\\\/Adsiz-tasarim-2.png\",\"datePublished\":\"2023-08-18T00:22:32+00:00\",\"dateModified\":\"2023-08-18T11:49:19+00:00\",\"breadcrumb\":{\"@id\":\"https:\\\/\\\/drhikmetihsaneren.com\\\/iletisim\\\/#breadcrumb\"},\"inLanguage\":\"fr-FR\",\"potentialAction\":[{\"@type\":\"ReadAction\",\"target\":[\"https:\\\/\\\/drhikmetihsaneren.com\\\/iletisim\\\/\"]}]},{\"@type\":\"ImageObject\",\"inLanguage\":\"fr-FR\",\"@id\":\"https:\\\/\\\/drhikmetihsaneren.com\\\/iletisim\\\/#primaryimage\",\"url\":\"https:\\\/\\\/drhikmetihsaneren.com\\\/wp-content\\\/uploads\\\/2023\\\/08\\\/Adsiz-tasarim-2.png\",\"contentUrl\":\"https:\\\/\\\/drhikmetihsaneren.com\\\/wp-content\\\/uploads\\\/2023\\\/08\\\/Adsiz-tasarim-2.png\"},{\"@type\":\"BreadcrumbList\",\"@id\":\"https:\\\/\\\/drhikmetihsaneren.com\\\/iletisim\\\/#breadcrumb\",\"itemListElement\":[{\"@type\":\"ListItem\",\"position\":1,\"name\":\"Anasayfa\",\"item\":\"https:\\\/\\\/drhikmetihsaneren.com\\\/\"},{\"@type\":\"ListItem\",\"position\":2,\"name\":\"\u0130leti\u015fim\"}]},{\"@type\":\"WebSite\",\"@id\":\"https:\\\/\\\/drhikmetihsaneren.com\\\/#website\",\"url\":\"https:\\\/\\\/drhikmetihsaneren.com\\\/\",\"name\":\"Op. Hikmet \u0130hsan Eren\",\"description\":\"Estetik Cerrahi\",\"potentialAction\":[{\"@type\":\"SearchAction\",\"target\":{\"@type\":\"EntryPoint\",\"urlTemplate\":\"https:\\\/\\\/drhikmetihsaneren.com\\\/?s={search_term_string}\"},\"query-input\":{\"@type\":\"PropertyValueSpecification\",\"valueRequired\":true,\"valueName\":\"search_term_string\"}}],\"inLanguage\":\"fr-FR\"}]}<\/script>\n<!-- \/ Yoast SEO plugin. -->","yoast_head_json":{"title":"Contacter | Op.Dr. Hikmet Ihsan Eren","robots":{"index":"index","follow":"follow","max-snippet":"max-snippet:-1","max-image-preview":"max-image-preview:large","max-video-preview":"max-video-preview:-1"},"canonical":"https:\/\/drhikmetihsaneren.com\/fr\/communication\/","og_locale":"fr_FR","og_type":"article","og_title":"\u0130leti\u015fim | Op.Dr. Hikmet \u0130hsan Eren","og_description":"Temas Kurun! \u0130leti\u015fim Bizi aray\u0131n veya istedi\u011finiz zaman u\u011fray\u0131n, t\u00fcm sorular\u0131 i\u015f g\u00fcnlerinde 24 saat i\u00e7inde yan\u0131tlamaya \u00e7al\u0131\u015f\u0131yoruz. Sorular\u0131n\u0131z\u0131 yan\u0131tlamaktan mutluluk duyaca\u011f\u0131z. Ziyaret Edin Harbiye \u015ei\u015fli\/ \u0130stanbul Hemen Aray\u0131n +90 554 371 77 63 E-Posta info@hikmetihsaneren.com Ba\u015flamaya haz\u0131r m\u0131s\u0131n? G\u00f6nder","og_url":"https:\/\/drhikmetihsaneren.com\/fr\/communication\/","og_site_name":"Op. Hikmet \u0130hsan Eren","article_modified_time":"2023-08-18T11:49:19+00:00","og_image":[{"url":"https:\/\/drhikmetihsaneren.com\/wp-content\/uploads\/2023\/08\/Adsiz-tasarim-2.png","type":"","width":"","height":""}],"twitter_card":"summary_large_image","twitter_misc":{"Dur\u00e9e de lecture estim\u00e9e":"1 minute"},"schema":{"@context":"https:\/\/schema.org","@graph":[{"@type":"WebPage","@id":"https:\/\/drhikmetihsaneren.com\/iletisim\/","url":"https:\/\/drhikmetihsaneren.com\/iletisim\/","name":"Contacter | Op.Dr. Hikmet Ihsan Eren","isPartOf":{"@id":"https:\/\/drhikmetihsaneren.com\/#website"},"primaryImageOfPage":{"@id":"https:\/\/drhikmetihsaneren.com\/iletisim\/#primaryimage"},"image":{"@id":"https:\/\/drhikmetihsaneren.com\/iletisim\/#primaryimage"},"thumbnailUrl":"https:\/\/drhikmetihsaneren.com\/wp-content\/uploads\/2023\/08\/Adsiz-tasarim-2.png","datePublished":"2023-08-18T00:22:32+00:00","dateModified":"2023-08-18T11:49:19+00:00","breadcrumb":{"@id":"https:\/\/drhikmetihsaneren.com\/iletisim\/#breadcrumb"},"inLanguage":"fr-FR","potentialAction":[{"@type":"ReadAction","target":["https:\/\/drhikmetihsaneren.com\/iletisim\/"]}]},{"@type":"ImageObject","inLanguage":"fr-FR","@id":"https:\/\/drhikmetihsaneren.com\/iletisim\/#primaryimage","url":"https:\/\/drhikmetihsaneren.com\/wp-content\/uploads\/2023\/08\/Adsiz-tasarim-2.png","contentUrl":"https:\/\/drhikmetihsaneren.com\/wp-content\/uploads\/2023\/08\/Adsiz-tasarim-2.png"},{"@type":"BreadcrumbList","@id":"https:\/\/drhikmetihsaneren.com\/iletisim\/#breadcrumb","itemListElement":[{"@type":"ListItem","position":1,"name":"Anasayfa","item":"https:\/\/drhikmetihsaneren.com\/"},{"@type":"ListItem","position":2,"name":"\u0130leti\u015fim"}]},{"@type":"WebSite","@id":"https:\/\/drhikmetihsaneren.com\/#website","url":"https:\/\/drhikmetihsaneren.com\/","name":"Baiser. Hikmet Ihsan Eren","description":"Chirurgie plastique","potentialAction":[{"@type":"SearchAction","target":{"@type":"EntryPoint","urlTemplate":"https:\/\/drhikmetihsaneren.com\/?s={search_term_string}"},"query-input":{"@type":"PropertyValueSpecification","valueRequired":true,"valueName":"search_term_string"}}],"inLanguage":"fr-FR"}]}},"_links":{"self":[{"href":"https:\/\/drhikmetihsaneren.com\/fr\/wp-json\/wp\/v2\/pages\/455","targetHints":{"allow":["GET"]}}],"collection":[{"href":"https:\/\/drhikmetihsaneren.com\/fr\/wp-json\/wp\/v2\/pages"}],"about":[{"href":"https:\/\/drhikmetihsaneren.com\/fr\/wp-json\/wp\/v2\/types\/page"}],"author":[{"embeddable":true,"href":"https:\/\/drhikmetihsaneren.com\/fr\/wp-json\/wp\/v2\/users\/1"}],"replies":[{"embeddable":true,"href":"https:\/\/drhikmetihsaneren.com\/fr\/wp-json\/wp\/v2\/comments?post=455"}],"version-history":[{"count":17,"href":"https:\/\/drhikmetihsaneren.com\/fr\/wp-json\/wp\/v2\/pages\/455\/revisions"}],"predecessor-version":[{"id":6076,"href":"https:\/\/drhikmetihsaneren.com\/fr\/wp-json\/wp\/v2\/pages\/455\/revisions\/6076"}],"wp:attachment":[{"href":"https:\/\/drhikmetihsaneren.com\/fr\/wp-json\/wp\/v2\/media?parent=455"}],"curies":[{"name":"wp","href":"https:\/\/api.w.org\/{rel}","templated":true}]}}