{"id":487,"date":"2023-08-18T03:22:12","date_gmt":"2023-08-18T00:22:12","guid":{"rendered":"http:\/\/wpdemo.archiwp.com\/maxbizz\/?page_id=487"},"modified":"2023-09-16T20:54:21","modified_gmt":"2023-09-16T17:54:21","slug":"a-propos-de-nous","status":"publish","type":"page","link":"https:\/\/drhikmetihsaneren.com\/fr\/a-propos-de-nous\/","title":{"rendered":"Sur moi"},"content":{"rendered":"<div data-elementor-type=\"wp-page\" data-elementor-id=\"487\" class=\"elementor elementor-487\">\n\t\t\t\t\t\t<section class=\"elementor-section elementor-top-section elementor-element elementor-element-aeaf1cb elementor-section-content-middle elementor-section-boxed elementor-section-height-default elementor-section-height-default\" data-id=\"aeaf1cb\" data-element_type=\"section\" data-e-type=\"section\">\n\t\t\t\t\t\t<div class=\"elementor-container elementor-column-gap-extended\">\n\t\t\t\t\t<div class=\"elementor-column elementor-col-50 elementor-top-column elementor-element elementor-element-e209ac4 ot-flex-column-vertical\" data-id=\"e209ac4\" data-element_type=\"column\" data-e-type=\"column\">\n\t\t\t<div class=\"elementor-widget-wrap elementor-element-populated\">\n\t\t\t\t\t\t<div class=\"elementor-element elementor-element-34ca8c4 elementor-widget elementor-widget-image\" data-id=\"34ca8c4\" data-element_type=\"widget\" data-e-type=\"widget\" data-widget_type=\"image.default\">\n\t\t\t\t<div class=\"elementor-widget-container\">\n\t\t\t\t\t\t\t\t\t\t\t\t\t\t\t<img fetchpriority=\"high\" decoding=\"async\" width=\"615\" height=\"463\" src=\"https:\/\/drhikmetihsaneren.com\/wp-content\/uploads\/2023\/08\/Adsiz-tasarim.png\" class=\"attachment-full size-full wp-image-5954\" alt=\"sur moi\" \/>\t\t\t\t\t\t\t\t\t\t\t\t\t\t\t<\/div>\n\t\t\t\t<\/div>\n\t\t\t\t\t<\/div>\n\t\t<\/div>\n\t\t\t\t<div class=\"elementor-column elementor-col-50 elementor-top-column elementor-element elementor-element-1feb286 ot-flex-column-vertical\" data-id=\"1feb286\" data-element_type=\"column\" data-e-type=\"column\">\n\t\t\t<div class=\"elementor-widget-wrap elementor-element-populated\">\n\t\t\t\t\t\t<div class=\"elementor-element elementor-element-841e06b elementor-widget elementor-widget-iheading\" data-id=\"841e06b\" data-element_type=\"widget\" data-e-type=\"widget\" data-widget_type=\"iheading.default\">\n\t\t\t\t<div class=\"elementor-widget-container\">\n\t\t\t\t\t\t\t<div class=\"ot-heading\">\r\n\t        <span class=\"\">Sur moi<\/span>\t        <h3 class=\"main-head\">Chirurgie Plastique, Reconstructrice et Esth\u00e9tique<\/h3>\t    <\/div>\r\n\t    \t\t\t\t<\/div>\n\t\t\t\t<\/div>\n\t\t\t\t<div class=\"elementor-element elementor-element-bb4f4ed elementor-widget elementor-widget-text-editor\" data-id=\"bb4f4ed\" data-element_type=\"widget\" data-e-type=\"widget\" data-widget_type=\"text-editor.default\">\n\t\t\t\t<div class=\"elementor-widget-container\">\n\t\t\t\t\t\t\t\t\t<p>En 2012, il a commenc\u00e9 sa formation de sp\u00e9cialisation au D\u00e9partement de reconstruction plastique et d&#039;esth\u00e9tique de la Facult\u00e9 de m\u00e9decine de l&#039;Universit\u00e9 des unit\u00e9s de sant\u00e9 d&#039;Istanbul. Durant cette p\u00e9riode, il a suivi le cours de microchirurgie \u00e0 l&#039;Universit\u00e9 Ankara Hacettepe en 2014. Apr\u00e8s avoir effectu\u00e9 son service obligatoire entre 2017 et 2019, il a commenc\u00e9 \u00e0 travailler comme sp\u00e9cialiste en chirurgie plastique, reconstructive et esth\u00e9tique \u00e0 l&#039;h\u00f4pital de formation et de recherche \u015ei\u015fli Hamidiye Etfal en 2019. Apr\u00e8s 3 ans de service \u00e0 l&#039;h\u00f4pital public, il a d\u00e9missionn\u00e9 et a commenc\u00e9 \u00e0 accepter des patients en sa propre pratique. Il continue de se perfectionner en participant aux congr\u00e8s et formations en cours.<\/p>\t\t\t\t\t\t\t\t<\/div>\n\t\t\t\t<\/div>\n\t\t\t\t<section class=\"elementor-section elementor-inner-section elementor-element elementor-element-983ee34 elementor-section-full_width elementor-section-height-default elementor-section-height-default\" data-id=\"983ee34\" data-element_type=\"section\" data-e-type=\"section\">\n\t\t\t\t\t\t<div class=\"elementor-container elementor-column-gap-no\">\n\t\t\t\t\t<div class=\"elementor-column elementor-col-100 elementor-inner-column elementor-element elementor-element-02cefd4 ot-flex-column-vertical\" data-id=\"02cefd4\" data-element_type=\"column\" data-e-type=\"column\">\n\t\t\t<div class=\"elementor-widget-wrap elementor-element-populated\">\n\t\t\t\t\t\t<div class=\"elementor-element elementor-element-d2c189c elementor-widget elementor-widget-heading\" data-id=\"d2c189c\" data-element_type=\"widget\" data-e-type=\"widget\" data-widget_type=\"heading.default\">\n\t\t\t\t<div class=\"elementor-widget-container\">\n\t\t\t\t\t<h6 class=\"elementor-heading-title elementor-size-default\">Hikmet Ihsan Eren<\/h6>\t\t\t\t<\/div>\n\t\t\t\t<\/div>\n\t\t\t\t<div class=\"elementor-element elementor-element-4146a85 elementor-widget elementor-widget-text-editor\" data-id=\"4146a85\" data-element_type=\"widget\" data-e-type=\"widget\" data-widget_type=\"text-editor.default\">\n\t\t\t\t<div class=\"elementor-widget-container\">\n\t\t\t\t\t\t\t\t\t<p>M\u00e9decin op\u00e9rateur<\/p>\t\t\t\t\t\t\t\t<\/div>\n\t\t\t\t<\/div>\n\t\t\t\t\t<\/div>\n\t\t<\/div>\n\t\t\t\t\t<\/div>\n\t\t<\/section>\n\t\t\t\t\t<\/div>\n\t\t<\/div>\n\t\t\t\t\t<\/div>\n\t\t<\/section>\n\t\t\t\t<section class=\"elementor-section elementor-top-section elementor-element elementor-element-6af12be elementor-section-boxed elementor-section-height-default elementor-section-height-default\" data-id=\"6af12be\" data-element_type=\"section\" data-e-type=\"section\">\n\t\t\t\t\t\t<div class=\"elementor-container elementor-column-gap-extended\">\n\t\t\t\t\t<div class=\"elementor-column elementor-col-25 elementor-top-column elementor-element elementor-element-9865002 ot-flex-column-vertical\" data-id=\"9865002\" data-element_type=\"column\" data-e-type=\"column\">\n\t\t\t<div class=\"elementor-widget-wrap elementor-element-populated\">\n\t\t\t\t\t\t<div class=\"elementor-element elementor-element-0c75221 number-top elementor-widget elementor-widget-icounter\" data-id=\"0c75221\" data-element_type=\"widget\" data-e-type=\"widget\" data-widget_type=\"icounter.default\">\n\t\t\t\t<div class=\"elementor-widget-container\">\n\t\t\t\t\t    \t<div class=\"ot-counter icounter\" data-counter=\"5000\">\r\n        \t<div class=\"c-number\">\r\n        \t\t<span class=\"num\" data-to=\"5000\" data-time= \"2000\"><\/span><span>+<\/span>        \t<\/div>\r\n        \t<h6>client<br>Patient<\/h6>      \t\t\t\t        \r\n\t    <\/div>\r\n\t    \t\t\t\t<\/div>\n\t\t\t\t<\/div>\n\t\t\t\t\t<\/div>\n\t\t<\/div>\n\t\t\t\t<div class=\"elementor-column elementor-col-25 elementor-top-column elementor-element elementor-element-4efe597 ot-flex-column-vertical\" data-id=\"4efe597\" data-element_type=\"column\" data-e-type=\"column\">\n\t\t\t<div class=\"elementor-widget-wrap elementor-element-populated\">\n\t\t\t\t\t\t<div class=\"elementor-element elementor-element-3976936 number-top elementor-widget elementor-widget-icounter\" data-id=\"3976936\" data-element_type=\"widget\" data-e-type=\"widget\" data-widget_type=\"icounter.default\">\n\t\t\t\t<div class=\"elementor-widget-container\">\n\t\t\t\t\t    \t<div class=\"ot-counter icounter\" data-counter=\"5000\">\r\n        \t<div class=\"c-number\">\r\n        \t\t<span class=\"num\" data-to=\"5000\" data-time= \"2000\"><\/span><span>+<\/span>        \t<\/div>\r\n        \t<h6>Heureux<br> Patient<\/h6>      \t\t\t\t        \r\n\t    <\/div>\r\n\t    \t\t\t\t<\/div>\n\t\t\t\t<\/div>\n\t\t\t\t\t<\/div>\n\t\t<\/div>\n\t\t\t\t<div class=\"elementor-column elementor-col-25 elementor-top-column elementor-element elementor-element-7d86b75 ot-flex-column-vertical\" data-id=\"7d86b75\" data-element_type=\"column\" data-e-type=\"column\">\n\t\t\t<div class=\"elementor-widget-wrap elementor-element-populated\">\n\t\t\t\t\t\t<div class=\"elementor-element elementor-element-75279d9 number-top elementor-widget elementor-widget-icounter\" data-id=\"75279d9\" data-element_type=\"widget\" data-e-type=\"widget\" data-widget_type=\"icounter.default\">\n\t\t\t\t<div class=\"elementor-widget-container\">\n\t\t\t\t\t    \t<div class=\"ot-counter icounter\" data-counter=\"15\">\r\n        \t<div class=\"c-number\">\r\n        \t\t<span class=\"num\" data-to=\"15\" data-time= \"2000\"><\/span><span>+<\/span>        \t<\/div>\r\n        \t<h6>Annuel<br>Exp\u00e9rience<\/h6>      \t\t\t\t        \r\n\t    <\/div>\r\n\t    \t\t\t\t<\/div>\n\t\t\t\t<\/div>\n\t\t\t\t\t<\/div>\n\t\t<\/div>\n\t\t\t\t<div class=\"elementor-column elementor-col-25 elementor-top-column elementor-element elementor-element-7c9f8c9 ot-flex-column-vertical\" data-id=\"7c9f8c9\" data-element_type=\"column\" data-e-type=\"column\">\n\t\t\t<div class=\"elementor-widget-wrap elementor-element-populated\">\n\t\t\t\t\t\t<div class=\"elementor-element elementor-element-5e295b7 number-top elementor-widget elementor-widget-icounter\" data-id=\"5e295b7\" data-element_type=\"widget\" data-e-type=\"widget\" data-widget_type=\"icounter.default\">\n\t\t\t\t<div class=\"elementor-widget-container\">\n\t\t\t\t\t    \t<div class=\"ot-counter icounter\" data-counter=\"36\">\r\n        \t<div class=\"c-number\">\r\n        \t\t<span class=\"num\" data-to=\"36\" data-time= \"2000\"><\/span>        \t<\/div>\r\n        \t<h6>assist\u00e9<br> conf\u00e9rences<\/h6>      \t\t\t\t        \r\n\t    <\/div>\r\n\t    \t\t\t\t<\/div>\n\t\t\t\t<\/div>\n\t\t\t\t\t<\/div>\n\t\t<\/div>\n\t\t\t\t\t<\/div>\n\t\t<\/section>\n\t\t\t\t<section class=\"elementor-section elementor-top-section elementor-element elementor-element-07bb3a8 elementor-section-boxed elementor-section-height-default elementor-section-height-default\" data-id=\"07bb3a8\" data-element_type=\"section\" data-e-type=\"section\" data-settings=\"{&quot;background_background&quot;:&quot;classic&quot;}\">\n\t\t\t\t\t\t<div class=\"elementor-container elementor-column-gap-default\">\n\t\t\t\t\t<div class=\"elementor-column elementor-col-100 elementor-top-column elementor-element elementor-element-9fed965 ot-flex-column-vertical\" data-id=\"9fed965\" data-element_type=\"column\" data-e-type=\"column\">\n\t\t\t<div class=\"elementor-widget-wrap elementor-element-populated\">\n\t\t\t\t\t\t<section class=\"elementor-section elementor-inner-section elementor-element elementor-element-d2ab48f elementor-section-full_width elementor-section-height-default elementor-section-height-default\" data-id=\"d2ab48f\" data-element_type=\"section\" data-e-type=\"section\">\n\t\t\t\t\t\t<div class=\"elementor-container elementor-column-gap-extended\">\n\t\t\t\t\t<div class=\"elementor-column elementor-col-33 elementor-inner-column elementor-element elementor-element-ad3790a ot-flex-column-vertical\" data-id=\"ad3790a\" data-element_type=\"column\" data-e-type=\"column\">\n\t\t\t<div class=\"elementor-widget-wrap\">\n\t\t\t\t\t\t\t<\/div>\n\t\t<\/div>\n\t\t\t\t<div class=\"elementor-column elementor-col-33 elementor-inner-column elementor-element elementor-element-ca838f8 ot-flex-column-vertical\" data-id=\"ca838f8\" data-element_type=\"column\" data-e-type=\"column\">\n\t\t\t<div class=\"elementor-widget-wrap elementor-element-populated\">\n\t\t\t\t\t\t<div class=\"elementor-element elementor-element-ba65ecc elementor-widget elementor-widget-iheading\" data-id=\"ba65ecc\" data-element_type=\"widget\" data-e-type=\"widget\" data-widget_type=\"iheading.default\">\n\t\t\t\t<div class=\"elementor-widget-container\">\n\t\t\t\t\t\t\t<div class=\"ot-heading\">\r\n\t        <span class=\"\">TRAITEMENTS<\/span>\t        <h3 class=\"main-head\">Chirurgie plastique<\/h3>\t    <\/div>\r\n\t    \t\t\t\t<\/div>\n\t\t\t\t<\/div>\n\t\t\t\t<div class=\"elementor-element elementor-element-260733b elementor-widget elementor-widget-text-editor\" data-id=\"260733b\" data-element_type=\"widget\" data-e-type=\"widget\" data-widget_type=\"text-editor.default\">\n\t\t\t\t<div class=\"elementor-widget-container\">\n\t\t\t\t\t\t\t\t\t<p>Ci-dessous vous pouvez voir les principaux services que nous proposons. Contactez-nous pour prendre rendez-vous avec notre m\u00e9decin!<\/p>\t\t\t\t\t\t\t\t<\/div>\n\t\t\t\t<\/div>\n\t\t\t\t\t<\/div>\n\t\t<\/div>\n\t\t\t\t<div class=\"elementor-column elementor-col-33 elementor-inner-column elementor-element elementor-element-bdb7238 ot-flex-column-vertical\" data-id=\"bdb7238\" data-element_type=\"column\" data-e-type=\"column\">\n\t\t\t<div class=\"elementor-widget-wrap\">\n\t\t\t\t\t\t\t<\/div>\n\t\t<\/div>\n\t\t\t\t\t<\/div>\n\t\t<\/section>\n\t\t\t\t<div class=\"elementor-element elementor-element-658246c elementor-widget elementor-widget-iiboxcarousel\" data-id=\"658246c\" data-element_type=\"widget\" data-e-type=\"widget\" data-widget_type=\"iiboxcarousel.default\">\n\t\t\t\t<div class=\"elementor-widget-container\">\n\t\t\t\t\t\t\t<div class=\"image-box-carousel\" data-loop=\"false\" data-auto=\"true\" data-time=\"7000\" data-arrows=\"false\" data-dots=\"true\" data-show=\"\" data-tshow=\"\" data-mshow=\"\" data-gaps=\"\" data-tgaps=\"\" data-mgaps=\"\">\r\n\t\t\t<div class=\"owl-carousel owl-theme\">\r\n\t\t\t\t\t\t\t\t<div class=\"ot-image-box\">\r\n\t\t\t\t\t<a href=\"https:\/\/drhikmetihsaneren.com\/fr\/communication\/\"><img decoding=\"async\" src=\"https:\/\/drhikmetihsaneren.com\/wp-content\/uploads\/2023\/08\/1.png\" alt=\"Esth\u00e9tique du visage\"><\/a>\t\t\t\t\t<div class=\"content-box\">\r\n\t\t\t\t\t\t<h5 class=\"title-box\"><a href=\"https:\/\/drhikmetihsaneren.com\/fr\/communication\/\">Esth\u00e9tique du visage<\/a><\/h5>\t\t\t\t\t\t<p>Contactez-nous pour prendre rendez-vous avec notre m\u00e9decin Hikmet \u0130hsan Eren pour l&#039;esth\u00e9tique du visage !<\/p>\t\t\t\t\t<\/div>\r\n\t\t\t\t\t<a href=\"https:\/\/drhikmetihsaneren.com\/fr\/communication\/\" class=\"link-box font-second\"><span>R\u00e9union<\/span><i class=\"ot-flaticon-trajectory\"><\/i><\/a>\t\t\t\t<\/div>\r\n\t\t\t\t\t\t\t\t<div class=\"ot-image-box\">\r\n\t\t\t\t\t<a href=\"https:\/\/drhikmetihsaneren.com\/fr\/communication\/\"><img decoding=\"async\" src=\"https:\/\/drhikmetihsaneren.com\/wp-content\/uploads\/2023\/08\/2.png\" alt=\"Esth\u00e9tique du corps\"><\/a>\t\t\t\t\t<div class=\"content-box\">\r\n\t\t\t\t\t\t<h5 class=\"title-box\"><a href=\"https:\/\/drhikmetihsaneren.com\/fr\/communication\/\">Esth\u00e9tique du corps<\/a><\/h5>\t\t\t\t\t\t<p>Contactez-nous pour prendre rendez-vous avec notre m\u00e9decin Hikmet \u0130hsan Eren pour l&#039;esth\u00e9tique corporelle !<\/p>\t\t\t\t\t<\/div>\r\n\t\t\t\t\t<a href=\"https:\/\/drhikmetihsaneren.com\/fr\/communication\/\" class=\"link-box font-second\"><span>R\u00e9union<\/span><i class=\"ot-flaticon-trajectory\"><\/i><\/a>\t\t\t\t<\/div>\r\n\t\t\t\t\t\t\t\t<div class=\"ot-image-box\">\r\n\t\t\t\t\t<a href=\"https:\/\/drhikmetihsaneren.com\/fr\/communication\/\"><img decoding=\"async\" src=\"https:\/\/drhikmetihsaneren.com\/wp-content\/uploads\/2023\/08\/3.png\" alt=\"Esth\u00e9tique du sein\"><\/a>\t\t\t\t\t<div class=\"content-box\">\r\n\t\t\t\t\t\t<h5 class=\"title-box\"><a href=\"https:\/\/drhikmetihsaneren.com\/fr\/communication\/\">Esth\u00e9tique du sein<\/a><\/h5>\t\t\t\t\t\t<p>Contactez-nous pour prendre rendez-vous avec notre m\u00e9decin Hikmet \u0130hsan Eren pour l&#039;esth\u00e9tique mammaire !<\/p>\t\t\t\t\t<\/div>\r\n\t\t\t\t\t<a href=\"https:\/\/drhikmetihsaneren.com\/fr\/communication\/\" class=\"link-box font-second\"><span>R\u00e9union<\/span><i class=\"ot-flaticon-trajectory\"><\/i><\/a>\t\t\t\t<\/div>\r\n\t\t\t\t\t\t\t<\/div>\r\n\t\t<\/div>\r\n\r\n\t    \t\t\t\t<\/div>\n\t\t\t\t<\/div>\n\t\t\t\t\t<\/div>\n\t\t<\/div>\n\t\t\t\t\t<\/div>\n\t\t<\/section>\n\t\t\t\t<\/div>","protected":false},"excerpt":{"rendered":"<p>Hakk\u0131mda Plastik, Rekonstr\u00fcktif ve Estetik Cerrahi 2012 y\u0131l\u0131nda Sa\u011fl\u0131k Birimleri \u00dcniversitesi \u0130stanbul T\u0131p Fak\u00fcltesi Plastik Rekonstr\u00fcktif ve Estetik Ana Bilim Dal\u0131nda \u0130htisas E\u011fitimine ba\u015flam\u0131\u015ft\u0131r. Bu s\u00fcre\u00e7te 2014 y\u0131l\u0131nda Ankara Hacettepe \u00dcniversitesinde Mikro Cerrahi kursu alm\u0131\u015ft\u0131r. 2017-2019 y\u0131llar\u0131 aras\u0131nda zorunlu hizmetini tamamlad\u0131ktan sonra 2019 y\u0131l\u0131nda Plastik Rekonstr\u00fcktif ve Estetik Cerrahi Uzman\u0131 olarak \u015ei\u015fli Hamidiye Etfal E\u011fitim [&hellip;]<\/p>\n","protected":false},"author":1,"featured_media":0,"parent":0,"menu_order":0,"comment_status":"closed","ping_status":"closed","template":"","meta":{"content-type":"","inline_featured_image":false,"footnotes":""},"class_list":["post-487","page","type-page","status-publish","hentry"],"yoast_head":"<!-- This site is optimized with the Yoast SEO plugin v27.5 - https:\/\/yoast.com\/product\/yoast-seo-wordpress\/ -->\n<title>Hakk\u0131mda | Op.Dr. Hikmet \u0130hsan Eren<\/title>\n<meta name=\"robots\" content=\"index, follow, max-snippet:-1, max-image-preview:large, max-video-preview:-1\" \/>\n<link rel=\"canonical\" href=\"https:\/\/drhikmetihsaneren.com\/fr\/a-propos-de-nous\/\" \/>\n<meta property=\"og:locale\" content=\"fr_FR\" \/>\n<meta property=\"og:type\" content=\"article\" \/>\n<meta property=\"og:title\" content=\"Hakk\u0131mda | Op.Dr. Hikmet \u0130hsan Eren\" \/>\n<meta property=\"og:description\" content=\"Hakk\u0131mda Plastik, Rekonstr\u00fcktif ve Estetik Cerrahi 2012 y\u0131l\u0131nda Sa\u011fl\u0131k Birimleri \u00dcniversitesi \u0130stanbul T\u0131p Fak\u00fcltesi Plastik Rekonstr\u00fcktif ve Estetik Ana Bilim Dal\u0131nda \u0130htisas E\u011fitimine ba\u015flam\u0131\u015ft\u0131r. Bu s\u00fcre\u00e7te 2014 y\u0131l\u0131nda Ankara Hacettepe \u00dcniversitesinde Mikro Cerrahi kursu alm\u0131\u015ft\u0131r. 2017-2019 y\u0131llar\u0131 aras\u0131nda zorunlu hizmetini tamamlad\u0131ktan sonra 2019 y\u0131l\u0131nda Plastik Rekonstr\u00fcktif ve Estetik Cerrahi Uzman\u0131 olarak \u015ei\u015fli Hamidiye Etfal E\u011fitim [&hellip;]\" \/>\n<meta property=\"og:url\" content=\"https:\/\/drhikmetihsaneren.com\/fr\/a-propos-de-nous\/\" \/>\n<meta property=\"og:site_name\" content=\"Op. Hikmet \u0130hsan Eren\" \/>\n<meta property=\"article:modified_time\" content=\"2023-09-16T17:54:21+00:00\" \/>\n<meta property=\"og:image\" content=\"https:\/\/drhikmetihsaneren.com\/wp-content\/uploads\/2023\/08\/Adsiz-tasarim.png\" \/>\n<meta name=\"twitter:card\" content=\"summary_large_image\" \/>\n<meta name=\"twitter:label1\" content=\"Dur\u00e9e de lecture estim\u00e9e\" \/>\n\t<meta name=\"twitter:data1\" content=\"2 minutes\" \/>\n<script type=\"application\/ld+json\" class=\"yoast-schema-graph\">{\"@context\":\"https:\\\/\\\/schema.org\",\"@graph\":[{\"@type\":\"WebPage\",\"@id\":\"https:\\\/\\\/drhikmetihsaneren.com\\\/hakkimizda\\\/\",\"url\":\"https:\\\/\\\/drhikmetihsaneren.com\\\/hakkimizda\\\/\",\"name\":\"Hakk\u0131mda | Op.Dr. Hikmet \u0130hsan Eren\",\"isPartOf\":{\"@id\":\"https:\\\/\\\/drhikmetihsaneren.com\\\/#website\"},\"primaryImageOfPage\":{\"@id\":\"https:\\\/\\\/drhikmetihsaneren.com\\\/hakkimizda\\\/#primaryimage\"},\"image\":{\"@id\":\"https:\\\/\\\/drhikmetihsaneren.com\\\/hakkimizda\\\/#primaryimage\"},\"thumbnailUrl\":\"https:\\\/\\\/drhikmetihsaneren.com\\\/wp-content\\\/uploads\\\/2023\\\/08\\\/Adsiz-tasarim.png\",\"datePublished\":\"2023-08-18T00:22:12+00:00\",\"dateModified\":\"2023-09-16T17:54:21+00:00\",\"breadcrumb\":{\"@id\":\"https:\\\/\\\/drhikmetihsaneren.com\\\/hakkimizda\\\/#breadcrumb\"},\"inLanguage\":\"fr-FR\",\"potentialAction\":[{\"@type\":\"ReadAction\",\"target\":[\"https:\\\/\\\/drhikmetihsaneren.com\\\/hakkimizda\\\/\"]}]},{\"@type\":\"ImageObject\",\"inLanguage\":\"fr-FR\",\"@id\":\"https:\\\/\\\/drhikmetihsaneren.com\\\/hakkimizda\\\/#primaryimage\",\"url\":\"https:\\\/\\\/drhikmetihsaneren.com\\\/wp-content\\\/uploads\\\/2023\\\/08\\\/Adsiz-tasarim.png\",\"contentUrl\":\"https:\\\/\\\/drhikmetihsaneren.com\\\/wp-content\\\/uploads\\\/2023\\\/08\\\/Adsiz-tasarim.png\"},{\"@type\":\"BreadcrumbList\",\"@id\":\"https:\\\/\\\/drhikmetihsaneren.com\\\/hakkimizda\\\/#breadcrumb\",\"itemListElement\":[{\"@type\":\"ListItem\",\"position\":1,\"name\":\"Anasayfa\",\"item\":\"https:\\\/\\\/drhikmetihsaneren.com\\\/\"},{\"@type\":\"ListItem\",\"position\":2,\"name\":\"Hakk\u0131mda\"}]},{\"@type\":\"WebSite\",\"@id\":\"https:\\\/\\\/drhikmetihsaneren.com\\\/#website\",\"url\":\"https:\\\/\\\/drhikmetihsaneren.com\\\/\",\"name\":\"Op. Hikmet \u0130hsan Eren\",\"description\":\"Estetik Cerrahi\",\"potentialAction\":[{\"@type\":\"SearchAction\",\"target\":{\"@type\":\"EntryPoint\",\"urlTemplate\":\"https:\\\/\\\/drhikmetihsaneren.com\\\/?s={search_term_string}\"},\"query-input\":{\"@type\":\"PropertyValueSpecification\",\"valueRequired\":true,\"valueName\":\"search_term_string\"}}],\"inLanguage\":\"fr-FR\"}]}<\/script>\n<!-- \/ Yoast SEO plugin. -->","yoast_head_json":{"title":"\u00c0 propos de moi | Op.Dr. Hikmet Ihsan Eren","robots":{"index":"index","follow":"follow","max-snippet":"max-snippet:-1","max-image-preview":"max-image-preview:large","max-video-preview":"max-video-preview:-1"},"canonical":"https:\/\/drhikmetihsaneren.com\/fr\/a-propos-de-nous\/","og_locale":"fr_FR","og_type":"article","og_title":"Hakk\u0131mda | Op.Dr. Hikmet \u0130hsan Eren","og_description":"Hakk\u0131mda Plastik, Rekonstr\u00fcktif ve Estetik Cerrahi 2012 y\u0131l\u0131nda Sa\u011fl\u0131k Birimleri \u00dcniversitesi \u0130stanbul T\u0131p Fak\u00fcltesi Plastik Rekonstr\u00fcktif ve Estetik Ana Bilim Dal\u0131nda \u0130htisas E\u011fitimine ba\u015flam\u0131\u015ft\u0131r. Bu s\u00fcre\u00e7te 2014 y\u0131l\u0131nda Ankara Hacettepe \u00dcniversitesinde Mikro Cerrahi kursu alm\u0131\u015ft\u0131r. 2017-2019 y\u0131llar\u0131 aras\u0131nda zorunlu hizmetini tamamlad\u0131ktan sonra 2019 y\u0131l\u0131nda Plastik Rekonstr\u00fcktif ve Estetik Cerrahi Uzman\u0131 olarak \u015ei\u015fli Hamidiye Etfal E\u011fitim [&hellip;]","og_url":"https:\/\/drhikmetihsaneren.com\/fr\/a-propos-de-nous\/","og_site_name":"Op. Hikmet \u0130hsan Eren","article_modified_time":"2023-09-16T17:54:21+00:00","og_image":[{"url":"https:\/\/drhikmetihsaneren.com\/wp-content\/uploads\/2023\/08\/Adsiz-tasarim.png","type":"","width":"","height":""}],"twitter_card":"summary_large_image","twitter_misc":{"Dur\u00e9e de lecture estim\u00e9e":"2 minutes"},"schema":{"@context":"https:\/\/schema.org","@graph":[{"@type":"WebPage","@id":"https:\/\/drhikmetihsaneren.com\/hakkimizda\/","url":"https:\/\/drhikmetihsaneren.com\/hakkimizda\/","name":"\u00c0 propos de moi | Op.Dr. Hikmet Ihsan Eren","isPartOf":{"@id":"https:\/\/drhikmetihsaneren.com\/#website"},"primaryImageOfPage":{"@id":"https:\/\/drhikmetihsaneren.com\/hakkimizda\/#primaryimage"},"image":{"@id":"https:\/\/drhikmetihsaneren.com\/hakkimizda\/#primaryimage"},"thumbnailUrl":"https:\/\/drhikmetihsaneren.com\/wp-content\/uploads\/2023\/08\/Adsiz-tasarim.png","datePublished":"2023-08-18T00:22:12+00:00","dateModified":"2023-09-16T17:54:21+00:00","breadcrumb":{"@id":"https:\/\/drhikmetihsaneren.com\/hakkimizda\/#breadcrumb"},"inLanguage":"fr-FR","potentialAction":[{"@type":"ReadAction","target":["https:\/\/drhikmetihsaneren.com\/hakkimizda\/"]}]},{"@type":"ImageObject","inLanguage":"fr-FR","@id":"https:\/\/drhikmetihsaneren.com\/hakkimizda\/#primaryimage","url":"https:\/\/drhikmetihsaneren.com\/wp-content\/uploads\/2023\/08\/Adsiz-tasarim.png","contentUrl":"https:\/\/drhikmetihsaneren.com\/wp-content\/uploads\/2023\/08\/Adsiz-tasarim.png"},{"@type":"BreadcrumbList","@id":"https:\/\/drhikmetihsaneren.com\/hakkimizda\/#breadcrumb","itemListElement":[{"@type":"ListItem","position":1,"name":"Anasayfa","item":"https:\/\/drhikmetihsaneren.com\/"},{"@type":"ListItem","position":2,"name":"Hakk\u0131mda"}]},{"@type":"WebSite","@id":"https:\/\/drhikmetihsaneren.com\/#website","url":"https:\/\/drhikmetihsaneren.com\/","name":"Baiser. Hikmet Ihsan Eren","description":"Chirurgie plastique","potentialAction":[{"@type":"SearchAction","target":{"@type":"EntryPoint","urlTemplate":"https:\/\/drhikmetihsaneren.com\/?s={search_term_string}"},"query-input":{"@type":"PropertyValueSpecification","valueRequired":true,"valueName":"search_term_string"}}],"inLanguage":"fr-FR"}]}},"_links":{"self":[{"href":"https:\/\/drhikmetihsaneren.com\/fr\/wp-json\/wp\/v2\/pages\/487","targetHints":{"allow":["GET"]}}],"collection":[{"href":"https:\/\/drhikmetihsaneren.com\/fr\/wp-json\/wp\/v2\/pages"}],"about":[{"href":"https:\/\/drhikmetihsaneren.com\/fr\/wp-json\/wp\/v2\/types\/page"}],"author":[{"embeddable":true,"href":"https:\/\/drhikmetihsaneren.com\/fr\/wp-json\/wp\/v2\/users\/1"}],"replies":[{"embeddable":true,"href":"https:\/\/drhikmetihsaneren.com\/fr\/wp-json\/wp\/v2\/comments?post=487"}],"version-history":[{"count":56,"href":"https:\/\/drhikmetihsaneren.com\/fr\/wp-json\/wp\/v2\/pages\/487\/revisions"}],"predecessor-version":[{"id":7418,"href":"https:\/\/drhikmetihsaneren.com\/fr\/wp-json\/wp\/v2\/pages\/487\/revisions\/7418"}],"wp:attachment":[{"href":"https:\/\/drhikmetihsaneren.com\/fr\/wp-json\/wp\/v2\/media?parent=487"}],"curies":[{"name":"wp","href":"https:\/\/api.w.org\/{rel}","templated":true}]}}