{"id":566,"date":"2023-08-18T03:22:49","date_gmt":"2023-08-18T00:22:49","guid":{"rendered":"http:\/\/wpdemo.archiwp.com\/maxbizz\/?page_id=566"},"modified":"2023-08-18T03:22:49","modified_gmt":"2023-08-18T00:22:49","slug":"faq","status":"publish","type":"page","link":"https:\/\/drhikmetihsaneren.com\/fr\/faq\/","title":{"rendered":"FAQ"},"content":{"rendered":"<div data-elementor-type=\"wp-page\" data-elementor-id=\"566\" class=\"elementor elementor-566\">\n\t\t\t\t\t\t<section class=\"elementor-section elementor-top-section elementor-element elementor-element-1fad6c2 elementor-section-boxed elementor-section-height-default elementor-section-height-default\" data-id=\"1fad6c2\" data-element_type=\"section\" data-e-type=\"section\">\n\t\t\t\t\t\t<div class=\"elementor-container elementor-column-gap-default\">\n\t\t\t\t\t<div class=\"elementor-column elementor-col-100 elementor-top-column elementor-element elementor-element-cfef8fb ot-flex-column-vertical\" data-id=\"cfef8fb\" data-element_type=\"column\" data-e-type=\"column\">\n\t\t\t<div class=\"elementor-widget-wrap elementor-element-populated\">\n\t\t\t\t\t\t<section class=\"elementor-section elementor-inner-section elementor-element elementor-element-b29ca39 elementor-section-full_width elementor-section-height-default elementor-section-height-default\" data-id=\"b29ca39\" data-element_type=\"section\" data-e-type=\"section\">\n\t\t\t\t\t\t<div class=\"elementor-container elementor-column-gap-default\">\n\t\t\t\t\t<div class=\"elementor-column elementor-col-33 elementor-inner-column elementor-element elementor-element-3d04547 ot-flex-column-vertical\" data-id=\"3d04547\" data-element_type=\"column\" data-e-type=\"column\">\n\t\t\t<div class=\"elementor-widget-wrap\">\n\t\t\t\t\t\t\t<\/div>\n\t\t<\/div>\n\t\t\t\t<div class=\"elementor-column elementor-col-33 elementor-inner-column elementor-element elementor-element-ba86566 ot-flex-column-vertical\" data-id=\"ba86566\" data-element_type=\"column\" data-e-type=\"column\">\n\t\t\t<div class=\"elementor-widget-wrap elementor-element-populated\">\n\t\t\t\t\t\t<div class=\"elementor-element elementor-element-4865c99 elementor-widget elementor-widget-iheading\" data-id=\"4865c99\" data-element_type=\"widget\" data-e-type=\"widget\" data-widget_type=\"iheading.default\">\n\t\t\t\t<div class=\"elementor-widget-container\">\n\t\t\t\t\t\t\t<div class=\"ot-heading\">\r\n\t        <span class=\"\">FAQ<\/span>\t        <h3 class=\"main-head\">Questions fr\u00e9quemment pos\u00e9es<\/h3>\t    <\/div>\r\n\t    \t\t\t\t<\/div>\n\t\t\t\t<\/div>\n\t\t\t\t<div class=\"elementor-element elementor-element-f714140 elementor-widget elementor-widget-text-editor\" data-id=\"f714140\" data-element_type=\"widget\" data-e-type=\"widget\" data-widget_type=\"text-editor.default\">\n\t\t\t\t<div class=\"elementor-widget-container\">\n\t\t\t\t\t\t\t\t\t<p>Vous trouverez ci-dessous les questions et r\u00e9ponses fr\u00e9quemment pos\u00e9es. Si vous avez une autre question, contactez-nous !<\/p>\t\t\t\t\t\t\t\t<\/div>\n\t\t\t\t<\/div>\n\t\t\t\t\t<\/div>\n\t\t<\/div>\n\t\t\t\t<div class=\"elementor-column elementor-col-33 elementor-inner-column elementor-element elementor-element-af5bfe2 ot-flex-column-vertical\" data-id=\"af5bfe2\" data-element_type=\"column\" data-e-type=\"column\">\n\t\t\t<div class=\"elementor-widget-wrap\">\n\t\t\t\t\t\t\t<\/div>\n\t\t<\/div>\n\t\t\t\t\t<\/div>\n\t\t<\/section>\n\t\t\t\t<section class=\"elementor-section elementor-inner-section elementor-element elementor-element-0e107ea elementor-section-full_width elementor-section-height-default elementor-section-height-default\" data-id=\"0e107ea\" data-element_type=\"section\" data-e-type=\"section\">\n\t\t\t\t\t\t<div class=\"elementor-container elementor-column-gap-extended\">\n\t\t\t\t\t<div class=\"elementor-column elementor-col-50 elementor-inner-column elementor-element elementor-element-531351e ot-flex-column-vertical\" data-id=\"531351e\" data-element_type=\"column\" data-e-type=\"column\">\n\t\t\t<div class=\"elementor-widget-wrap elementor-element-populated\">\n\t\t\t\t\t\t<div class=\"elementor-element elementor-element-2e8ff7b elementor-widget elementor-widget-iaccordions\" data-id=\"2e8ff7b\" data-element_type=\"widget\" data-e-type=\"widget\" data-widget_type=\"iaccordions.default\">\n\t\t\t\t<div class=\"elementor-widget-container\">\n\t\t\t\t\t\r\n\t\t<div class=\"ot-accordions\">\r\n\t\t\t\t\t\t<div class=\"acc-item\">\r\n\t\t\t\t<div class=\"acc-toggle flex-middle\" data-default=\"yes\" >Qu\u2019est-ce que l\u2019esth\u00e9tique du visage ? \r\n\t\t\t\t\t<i class=\"ot-flaticon-arrowsoutline\"><\/i>\r\n\t\t\t\t<\/div>\r\n\t\t\t\t<div class=\"acc-content\">\r\n\t\t\t\t\t<p>L&#039;esth\u00e9tique du visage fait r\u00e9f\u00e9rence \u00e0 un domaine m\u00e9dical qui comprend des interventions chirurgicales ou non chirurgicales r\u00e9alis\u00e9es pour am\u00e9liorer l&#039;apparence du visage. Ces proc\u00e9dures peuvent g\u00e9n\u00e9ralement inclure des proc\u00e9dures telles que l&#039;esth\u00e9tique du nez (rhinoplastie), le lifting (rhidoplastie) et l&#039;esth\u00e9tique des paupi\u00e8res (bl\u00e9pharoplastie).<\/p>\t\t\t\t<\/div>\r\n\t\t\t<\/div>\r\n\t\t\t\t\t\t<div class=\"acc-item\">\r\n\t\t\t\t<div class=\"acc-toggle flex-middle\"  >Quelles proc\u00e9dures esth\u00e9tiques du visage sont les plus courantes ? \r\n\t\t\t\t\t<i class=\"ot-flaticon-arrowsoutline\"><\/i>\r\n\t\t\t\t<\/div>\r\n\t\t\t\t<div class=\"acc-content\">\r\n\t\t\t\t\t<p>Les proc\u00e9dures esth\u00e9tiques du visage les plus courantes comprennent la rhinoplastie, le lifting, l\u2019esth\u00e9tique des paupi\u00e8res, le comblement des l\u00e8vres et le botox. Ces proc\u00e9dures peuvent \u00eatre appliqu\u00e9es en fonction des pr\u00e9f\u00e9rences et des besoins de la personne.<\/p>\t\t\t\t<\/div>\r\n\t\t\t<\/div>\r\n\t\t\t\t\t\t<div class=\"acc-item\">\r\n\t\t\t\t<div class=\"acc-toggle flex-middle\"  >Qui est le candidat id\u00e9al pour une intervention esth\u00e9tique du visage ? \r\n\t\t\t\t\t<i class=\"ot-flaticon-arrowsoutline\"><\/i>\r\n\t\t\t\t<\/div>\r\n\t\t\t\t<div class=\"acc-content\">\r\n\t\t\t\t\t<p>Les candidatures \u00e9ligibles peuvent varier en fonction du type d\u2019intervention et de l\u2019\u00e9tat de sant\u00e9 de la personne. En g\u00e9n\u00e9ral, pour \u00eatre un bon candidat, une personne doit \u00eatre en bonne sant\u00e9 g\u00e9n\u00e9rale, avoir des attentes r\u00e9alistes concernant la proc\u00e9dure et \u00eatre pr\u00eate \u00e0 suivre les instructions pr\u00e9- et post-chirurgicales. Il est important d&#039;\u00e9valuer l&#039;ad\u00e9quation \u00e0 votre situation personnelle en consultation avec un m\u00e9decin.<\/p>\t\t\t\t<\/div>\r\n\t\t\t<\/div>\r\n\t\t\t\t\t\t<div class=\"acc-item\">\r\n\t\t\t\t<div class=\"acc-toggle flex-middle\"  >Quelles sont les options d\u2019esth\u00e9tique faciale non chirurgicale ? \r\n\t\t\t\t\t<i class=\"ot-flaticon-arrowsoutline\"><\/i>\r\n\t\t\t\t<\/div>\r\n\t\t\t\t<div class=\"acc-content\">\r\n\t\t\t\t\t<p>L\u2019esth\u00e9tique faciale non chirurgicale implique des proc\u00e9dures moins invasives et n\u00e9cessitent g\u00e9n\u00e9ralement moins de temps de r\u00e9cup\u00e9ration que les proc\u00e9dures chirurgicales. Ces options peuvent inclure des m\u00e9thodes telles que des injections de botox, des produits de comblement (comme l&#039;acide hyaluronique), des peelings chimiques, des traitements au laser et des micro-injections.<\/p>\t\t\t\t<\/div>\r\n\t\t\t<\/div>\r\n\t\t\t\t\t\t<div class=\"acc-item\">\r\n\t\t\t\t<div class=\"acc-toggle flex-middle\"  >Quels sont les risques de l\u2019esth\u00e9tique du visage ? \r\n\t\t\t\t\t<i class=\"ot-flaticon-arrowsoutline\"><\/i>\r\n\t\t\t\t<\/div>\r\n\t\t\t\t<div class=\"acc-content\">\r\n\t\t\t\t\t<p>Comme toute intervention m\u00e9dicale, les interventions esth\u00e9tiques du visage comportent certains risques. Ceux-ci peuvent inclure des complications telles qu\u2019une infection, des r\u00e9actions \u00e0 l\u2019anesth\u00e9sie, des r\u00e9sultats inattendus, des cicatrices et un engourdissement temporaire. Il est donc important d\u2019avoir une consultation pr\u00e9-op\u00e9ratoire d\u00e9taill\u00e9e avec un m\u00e9decin sp\u00e9cialiste et de comprendre les risques.<\/p>\t\t\t\t<\/div>\r\n\t\t\t<\/div>\r\n\t\t\t\t\t\t<div class=\"acc-item\">\r\n\t\t\t\t<div class=\"acc-toggle flex-middle\"  >Qu\u2019est-ce que l\u2019esth\u00e9tique corporelle ? \r\n\t\t\t\t\t<i class=\"ot-flaticon-arrowsoutline\"><\/i>\r\n\t\t\t\t<\/div>\r\n\t\t\t\t<div class=\"acc-content\">\r\n\t\t\t\t\t<p>L&#039;esth\u00e9tique corporelle fait r\u00e9f\u00e9rence \u00e0 un domaine m\u00e9dical qui comprend des proc\u00e9dures chirurgicales ou non chirurgicales effectu\u00e9es pour corriger, fa\u00e7onner ou am\u00e9liorer l&#039;apparence du corps. <a href=\"https:\/\/drhikmetihsaneren.com\/fr\/quest-ce-que-la-liposuccion\/\">liposuccion<\/a>Des proc\u00e9dures telles que l\u2019abdominoplastie, l\u2019augmentation ou la r\u00e9duction mammaire peuvent \u00eatre cit\u00e9es comme exemples d\u2019esth\u00e9tique corporelle.<\/p>\t\t\t\t<\/div>\r\n\t\t\t<\/div>\r\n\t\t\t\t    <\/div>\r\n\r\n\t    \t\t\t\t<\/div>\n\t\t\t\t<\/div>\n\t\t\t\t\t<\/div>\n\t\t<\/div>\n\t\t\t\t<div class=\"elementor-column elementor-col-50 elementor-inner-column elementor-element elementor-element-a627a5f ot-flex-column-vertical\" data-id=\"a627a5f\" data-element_type=\"column\" data-e-type=\"column\">\n\t\t\t<div class=\"elementor-widget-wrap elementor-element-populated\">\n\t\t\t\t\t\t<div class=\"elementor-element elementor-element-8463953 elementor-widget elementor-widget-iaccordions\" data-id=\"8463953\" data-element_type=\"widget\" data-e-type=\"widget\" data-widget_type=\"iaccordions.default\">\n\t\t\t\t<div class=\"elementor-widget-container\">\n\t\t\t\t\t\r\n\t\t<div class=\"ot-accordions\">\r\n\t\t\t\t\t\t<div class=\"acc-item\">\r\n\t\t\t\t<div class=\"acc-toggle flex-middle\" data-default=\"yes\" >Quelles sont les options esth\u00e9tiques corporelles non chirurgicales ? \r\n\t\t\t\t\t<i class=\"ot-flaticon-arrowsoutline\"><\/i>\r\n\t\t\t\t<\/div>\r\n\t\t\t\t<div class=\"acc-content\">\r\n\t\t\t\t\t<p>Les options d\u2019esth\u00e9tique corporelle non chirurgicales comprennent des proc\u00e9dures non chirurgicales et g\u00e9n\u00e9ralement moins invasives. Il peut s&#039;agir de m\u00e9thodes telles que la cong\u00e9lation des graisses (cryolipolyse), la lipolyse au laser, les technologies de radiofr\u00e9quence ou d&#039;ultrasons utilis\u00e9es pour la mise en forme du corps.<\/p>\t\t\t\t<\/div>\r\n\t\t\t<\/div>\r\n\t\t\t\t\t\t<div class=\"acc-item\">\r\n\t\t\t\t<div class=\"acc-toggle flex-middle\"  >Quels sont les risques pour l\u2019esth\u00e9tique corporelle ? \r\n\t\t\t\t\t<i class=\"ot-flaticon-arrowsoutline\"><\/i>\r\n\t\t\t\t<\/div>\r\n\t\t\t\t<div class=\"acc-content\">\r\n\t\t\t\t\t<p>Les proc\u00e9dures esth\u00e9tiques corporelles peuvent \u00e9galement comporter des risques. Ces risques peuvent inclure une infection, des r\u00e9actions anesth\u00e9siques, des probl\u00e8mes de cicatrisation des plaies, des r\u00e9sultats inattendus et des changements sensoriels. Les temps de r\u00e9cup\u00e9ration peuvent g\u00e9n\u00e9ralement \u00eatre plus longs lors d\u2019interventions chirurgicales. Il est donc important d\u2019avoir une consultation pr\u00e9alable d\u00e9taill\u00e9e avec un chirurgien sp\u00e9cialis\u00e9 et de comprendre les risques.<\/p>\t\t\t\t<\/div>\r\n\t\t\t<\/div>\r\n\t\t\t\t\t\t<div class=\"acc-item\">\r\n\t\t\t\t<div class=\"acc-toggle flex-middle\"  >Qu\u2019est-ce que l\u2019esth\u00e9tique du sein ? \r\n\t\t\t\t\t<i class=\"ot-flaticon-arrowsoutline\"><\/i>\r\n\t\t\t\t<\/div>\r\n\t\t\t\t<div class=\"acc-content\">\r\n\t\t\t\t\t<p>L&#039;esth\u00e9tique mammaire fait r\u00e9f\u00e9rence \u00e0 un domaine m\u00e9dical qui implique des interventions chirurgicales ou non chirurgicales pour corriger, fa\u00e7onner ou reconstruire l&#039;apparence des seins. Les proc\u00e9dures telles que l\u2019augmentation mammaire, la r\u00e9duction mammaire, le lifting mammaire et la reconstruction mammaire sont consid\u00e9r\u00e9es dans le cadre de l\u2019esth\u00e9tique mammaire.<\/p>\t\t\t\t<\/div>\r\n\t\t\t<\/div>\r\n\t\t\t\t\t\t<div class=\"acc-item\">\r\n\t\t\t\t<div class=\"acc-toggle flex-middle\"  >Quelles interventions esth\u00e9tiques mammaires sont les plus courantes ? \r\n\t\t\t\t\t<i class=\"ot-flaticon-arrowsoutline\"><\/i>\r\n\t\t\t\t<\/div>\r\n\t\t\t\t<div class=\"acc-content\">\r\n\t\t\t\t\t<p>Les proc\u00e9dures esth\u00e9tiques mammaires les plus courantes comprennent l\u2019augmentation mammaire, la r\u00e9duction mammaire, le lifting mammaire (mastopexie), la reconstruction mammaire et la correction de l\u2019asym\u00e9trie mammaire. Chacun d\u2019eux peut \u00eatre pr\u00e9f\u00e9r\u00e9 \u00e0 des fins diff\u00e9rentes.<\/p>\t\t\t\t<\/div>\r\n\t\t\t<\/div>\r\n\t\t\t\t\t\t<div class=\"acc-item\">\r\n\t\t\t\t<div class=\"acc-toggle flex-middle\"  >Qui est un candidat appropri\u00e9 pour l\u2019esth\u00e9tique mammaire ? \r\n\t\t\t\t\t<i class=\"ot-flaticon-arrowsoutline\"><\/i>\r\n\t\t\t\t<\/div>\r\n\t\t\t\t<div class=\"acc-content\">\r\n\t\t\t\t\t<p>L&#039;ad\u00e9quation des candidats \u00e0 l&#039;esth\u00e9tique mammaire d\u00e9pend de facteurs tels que l&#039;\u00e9tat de sant\u00e9 de la personne, ses attentes et ses caract\u00e9ristiques anatomiques. Les personnes qui sont g\u00e9n\u00e9ralement en bonne sant\u00e9, qui ont termin\u00e9 le d\u00e9veloppement de leurs seins et qui ont une perspective r\u00e9aliste sur les r\u00e9sultats de l\u2019intervention peuvent \u00eatre candidates \u00e0 l\u2019esth\u00e9tique mammaire.<\/p>\t\t\t\t<\/div>\r\n\t\t\t<\/div>\r\n\t\t\t\t\t\t<div class=\"acc-item\">\r\n\t\t\t\t<div class=\"acc-toggle flex-middle\"  >Comment se d\u00e9roulent les interventions esth\u00e9tiques mammaires ? \r\n\t\t\t\t\t<i class=\"ot-flaticon-arrowsoutline\"><\/i>\r\n\t\t\t\t<\/div>\r\n\t\t\t\t<div class=\"acc-content\">\r\n\t\t\t\t\t<p>Dans les proc\u00e9dures esth\u00e9tiques mammaires, les implants peuvent \u00eatre utilis\u00e9s pour l\u2019augmentation mammaire, tandis que l\u2019exc\u00e8s de tissu peut \u00eatre retir\u00e9 ou remodel\u00e9 pour une r\u00e9duction et un lifting mammaires. Lors de la reconstruction mammaire, la structure du sein est reconstruite apr\u00e8s une mastectomie. Les proc\u00e9dures peuvent \u00eatre r\u00e9alis\u00e9es par des m\u00e9thodes chirurgicales ou non chirurgicales.<\/p>\t\t\t\t<\/div>\r\n\t\t\t<\/div>\r\n\t\t\t\t    <\/div>\r\n\r\n\t    \t\t\t\t<\/div>\n\t\t\t\t<\/div>\n\t\t\t\t\t<\/div>\n\t\t<\/div>\n\t\t\t\t\t<\/div>\n\t\t<\/section>\n\t\t\t\t\t<\/div>\n\t\t<\/div>\n\t\t\t\t\t<\/div>\n\t\t<\/section>\n\t\t\t\t<\/div>","protected":false},"excerpt":{"rendered":"<p>SSS S\u0131k\u00e7a Sorulan Sorular S\u0131k sorulan sorular ve cevaplar\u0131na a\u015fa\u011f\u0131dan ula\u015fabilirsiniz. Farkl\u0131 bir sorunuz varsa bizimle ileti\u015fime ge\u00e7in! Y\u00fcz esteti\u011fi nedir? Y\u00fcz esteti\u011fi, y\u00fcz\u00fcn g\u00f6r\u00fcn\u00fcm\u00fcn\u00fc iyile\u015ftirmek amac\u0131yla yap\u0131lan cerrahi veya cerrahi olmayan i\u015flemleri kapsayan bir t\u0131bbi alan\u0131 ifade eder. Bu i\u015flemler genellikle burun esteti\u011fi (rinoplasti), y\u00fcz germe (ritidoplasti), g\u00f6z kapa\u011f\u0131 esteti\u011fi (blefaroplasti) gibi prosed\u00fcrleri i\u00e7erebilir. [&hellip;]<\/p>\n","protected":false},"author":1,"featured_media":0,"parent":0,"menu_order":0,"comment_status":"closed","ping_status":"closed","template":"","meta":{"content-type":"","inline_featured_image":false,"footnotes":""},"class_list":["post-566","page","type-page","status-publish","hentry"],"yoast_head":"<!-- This site is optimized with the Yoast SEO plugin v27.5 - https:\/\/yoast.com\/product\/yoast-seo-wordpress\/ -->\n<title>S\u0131k\u00e7a Sorulan Sorular | Op.Dr. Hikmet \u0130hsan Eren<\/title>\n<meta name=\"robots\" content=\"index, follow, max-snippet:-1, max-image-preview:large, max-video-preview:-1\" \/>\n<link rel=\"canonical\" href=\"https:\/\/drhikmetihsaneren.com\/fr\/faq\/\" \/>\n<meta property=\"og:locale\" content=\"fr_FR\" \/>\n<meta property=\"og:type\" content=\"article\" \/>\n<meta property=\"og:title\" content=\"S\u0131k\u00e7a Sorulan Sorular | Op.Dr. Hikmet \u0130hsan Eren\" \/>\n<meta property=\"og:description\" content=\"SSS S\u0131k\u00e7a Sorulan Sorular S\u0131k sorulan sorular ve cevaplar\u0131na a\u015fa\u011f\u0131dan ula\u015fabilirsiniz. Farkl\u0131 bir sorunuz varsa bizimle ileti\u015fime ge\u00e7in! Y\u00fcz esteti\u011fi nedir? Y\u00fcz esteti\u011fi, y\u00fcz\u00fcn g\u00f6r\u00fcn\u00fcm\u00fcn\u00fc iyile\u015ftirmek amac\u0131yla yap\u0131lan cerrahi veya cerrahi olmayan i\u015flemleri kapsayan bir t\u0131bbi alan\u0131 ifade eder. Bu i\u015flemler genellikle burun esteti\u011fi (rinoplasti), y\u00fcz germe (ritidoplasti), g\u00f6z kapa\u011f\u0131 esteti\u011fi (blefaroplasti) gibi prosed\u00fcrleri i\u00e7erebilir. [&hellip;]\" \/>\n<meta property=\"og:url\" content=\"https:\/\/drhikmetihsaneren.com\/fr\/faq\/\" \/>\n<meta property=\"og:site_name\" content=\"Op. Hikmet \u0130hsan Eren\" \/>\n<meta name=\"twitter:card\" content=\"summary_large_image\" \/>\n<meta name=\"twitter:label1\" content=\"Dur\u00e9e de lecture estim\u00e9e\" \/>\n\t<meta name=\"twitter:data1\" content=\"4 minutes\" \/>\n<script type=\"application\/ld+json\" class=\"yoast-schema-graph\">{\"@context\":\"https:\\\/\\\/schema.org\",\"@graph\":[{\"@type\":\"WebPage\",\"@id\":\"https:\\\/\\\/drhikmetihsaneren.com\\\/sss\\\/\",\"url\":\"https:\\\/\\\/drhikmetihsaneren.com\\\/sss\\\/\",\"name\":\"S\u0131k\u00e7a Sorulan Sorular | Op.Dr. Hikmet \u0130hsan Eren\",\"isPartOf\":{\"@id\":\"https:\\\/\\\/drhikmetihsaneren.com\\\/#website\"},\"datePublished\":\"2023-08-18T00:22:49+00:00\",\"breadcrumb\":{\"@id\":\"https:\\\/\\\/drhikmetihsaneren.com\\\/sss\\\/#breadcrumb\"},\"inLanguage\":\"fr-FR\",\"potentialAction\":[{\"@type\":\"ReadAction\",\"target\":[\"https:\\\/\\\/drhikmetihsaneren.com\\\/sss\\\/\"]}]},{\"@type\":\"BreadcrumbList\",\"@id\":\"https:\\\/\\\/drhikmetihsaneren.com\\\/sss\\\/#breadcrumb\",\"itemListElement\":[{\"@type\":\"ListItem\",\"position\":1,\"name\":\"Anasayfa\",\"item\":\"https:\\\/\\\/drhikmetihsaneren.com\\\/\"},{\"@type\":\"ListItem\",\"position\":2,\"name\":\"SSS\"}]},{\"@type\":\"WebSite\",\"@id\":\"https:\\\/\\\/drhikmetihsaneren.com\\\/#website\",\"url\":\"https:\\\/\\\/drhikmetihsaneren.com\\\/\",\"name\":\"Op. Hikmet \u0130hsan Eren\",\"description\":\"Estetik Cerrahi\",\"potentialAction\":[{\"@type\":\"SearchAction\",\"target\":{\"@type\":\"EntryPoint\",\"urlTemplate\":\"https:\\\/\\\/drhikmetihsaneren.com\\\/?s={search_term_string}\"},\"query-input\":{\"@type\":\"PropertyValueSpecification\",\"valueRequired\":true,\"valueName\":\"search_term_string\"}}],\"inLanguage\":\"fr-FR\"}]}<\/script>\n<!-- \/ Yoast SEO plugin. -->","yoast_head_json":{"title":"Foire aux questions | Op.Dr. Hikmet Ihsan Eren","robots":{"index":"index","follow":"follow","max-snippet":"max-snippet:-1","max-image-preview":"max-image-preview:large","max-video-preview":"max-video-preview:-1"},"canonical":"https:\/\/drhikmetihsaneren.com\/fr\/faq\/","og_locale":"fr_FR","og_type":"article","og_title":"S\u0131k\u00e7a Sorulan Sorular | Op.Dr. Hikmet \u0130hsan Eren","og_description":"SSS S\u0131k\u00e7a Sorulan Sorular S\u0131k sorulan sorular ve cevaplar\u0131na a\u015fa\u011f\u0131dan ula\u015fabilirsiniz. Farkl\u0131 bir sorunuz varsa bizimle ileti\u015fime ge\u00e7in! Y\u00fcz esteti\u011fi nedir? Y\u00fcz esteti\u011fi, y\u00fcz\u00fcn g\u00f6r\u00fcn\u00fcm\u00fcn\u00fc iyile\u015ftirmek amac\u0131yla yap\u0131lan cerrahi veya cerrahi olmayan i\u015flemleri kapsayan bir t\u0131bbi alan\u0131 ifade eder. Bu i\u015flemler genellikle burun esteti\u011fi (rinoplasti), y\u00fcz germe (ritidoplasti), g\u00f6z kapa\u011f\u0131 esteti\u011fi (blefaroplasti) gibi prosed\u00fcrleri i\u00e7erebilir. [&hellip;]","og_url":"https:\/\/drhikmetihsaneren.com\/fr\/faq\/","og_site_name":"Op. Hikmet \u0130hsan Eren","twitter_card":"summary_large_image","twitter_misc":{"Dur\u00e9e de lecture estim\u00e9e":"4 minutes"},"schema":{"@context":"https:\/\/schema.org","@graph":[{"@type":"WebPage","@id":"https:\/\/drhikmetihsaneren.com\/sss\/","url":"https:\/\/drhikmetihsaneren.com\/sss\/","name":"Foire aux questions | Op.Dr. Hikmet Ihsan Eren","isPartOf":{"@id":"https:\/\/drhikmetihsaneren.com\/#website"},"datePublished":"2023-08-18T00:22:49+00:00","breadcrumb":{"@id":"https:\/\/drhikmetihsaneren.com\/sss\/#breadcrumb"},"inLanguage":"fr-FR","potentialAction":[{"@type":"ReadAction","target":["https:\/\/drhikmetihsaneren.com\/sss\/"]}]},{"@type":"BreadcrumbList","@id":"https:\/\/drhikmetihsaneren.com\/sss\/#breadcrumb","itemListElement":[{"@type":"ListItem","position":1,"name":"Anasayfa","item":"https:\/\/drhikmetihsaneren.com\/"},{"@type":"ListItem","position":2,"name":"SSS"}]},{"@type":"WebSite","@id":"https:\/\/drhikmetihsaneren.com\/#website","url":"https:\/\/drhikmetihsaneren.com\/","name":"Baiser. Hikmet Ihsan Eren","description":"Chirurgie plastique","potentialAction":[{"@type":"SearchAction","target":{"@type":"EntryPoint","urlTemplate":"https:\/\/drhikmetihsaneren.com\/?s={search_term_string}"},"query-input":{"@type":"PropertyValueSpecification","valueRequired":true,"valueName":"search_term_string"}}],"inLanguage":"fr-FR"}]}},"_links":{"self":[{"href":"https:\/\/drhikmetihsaneren.com\/fr\/wp-json\/wp\/v2\/pages\/566","targetHints":{"allow":["GET"]}}],"collection":[{"href":"https:\/\/drhikmetihsaneren.com\/fr\/wp-json\/wp\/v2\/pages"}],"about":[{"href":"https:\/\/drhikmetihsaneren.com\/fr\/wp-json\/wp\/v2\/types\/page"}],"author":[{"embeddable":true,"href":"https:\/\/drhikmetihsaneren.com\/fr\/wp-json\/wp\/v2\/users\/1"}],"replies":[{"embeddable":true,"href":"https:\/\/drhikmetihsaneren.com\/fr\/wp-json\/wp\/v2\/comments?post=566"}],"version-history":[{"count":12,"href":"https:\/\/drhikmetihsaneren.com\/fr\/wp-json\/wp\/v2\/pages\/566\/revisions"}],"predecessor-version":[{"id":6032,"href":"https:\/\/drhikmetihsaneren.com\/fr\/wp-json\/wp\/v2\/pages\/566\/revisions\/6032"}],"wp:attachment":[{"href":"https:\/\/drhikmetihsaneren.com\/fr\/wp-json\/wp\/v2\/media?parent=566"}],"curies":[{"name":"wp","href":"https:\/\/api.w.org\/{rel}","templated":true}]}}