{"id":487,"date":"2023-08-18T03:22:12","date_gmt":"2023-08-18T00:22:12","guid":{"rendered":"http:\/\/wpdemo.archiwp.com\/maxbizz\/?page_id=487"},"modified":"2023-09-16T20:54:21","modified_gmt":"2023-09-16T17:54:21","slug":"over-ons","status":"publish","type":"page","link":"https:\/\/drhikmetihsaneren.com\/nl\/over-ons\/","title":{"rendered":"Over mij"},"content":{"rendered":"<div data-elementor-type=\"wp-page\" data-elementor-id=\"487\" class=\"elementor elementor-487\">\n\t\t\t\t\t\t<section class=\"elementor-section elementor-top-section elementor-element elementor-element-aeaf1cb elementor-section-content-middle elementor-section-boxed elementor-section-height-default elementor-section-height-default\" data-id=\"aeaf1cb\" data-element_type=\"section\" data-e-type=\"section\">\n\t\t\t\t\t\t<div class=\"elementor-container elementor-column-gap-extended\">\n\t\t\t\t\t<div class=\"elementor-column elementor-col-50 elementor-top-column elementor-element elementor-element-e209ac4 ot-flex-column-vertical\" data-id=\"e209ac4\" data-element_type=\"column\" data-e-type=\"column\">\n\t\t\t<div class=\"elementor-widget-wrap elementor-element-populated\">\n\t\t\t\t\t\t<div class=\"elementor-element elementor-element-34ca8c4 elementor-widget elementor-widget-image\" data-id=\"34ca8c4\" data-element_type=\"widget\" data-e-type=\"widget\" data-widget_type=\"image.default\">\n\t\t\t\t<div class=\"elementor-widget-container\">\n\t\t\t\t\t\t\t\t\t\t\t\t\t\t\t<img fetchpriority=\"high\" decoding=\"async\" width=\"615\" height=\"463\" src=\"https:\/\/drhikmetihsaneren.com\/wp-content\/uploads\/2023\/08\/Adsiz-tasarim.png\" class=\"attachment-full size-full wp-image-5954\" alt=\"over mij\" \/>\t\t\t\t\t\t\t\t\t\t\t\t\t\t\t<\/div>\n\t\t\t\t<\/div>\n\t\t\t\t\t<\/div>\n\t\t<\/div>\n\t\t\t\t<div class=\"elementor-column elementor-col-50 elementor-top-column elementor-element elementor-element-1feb286 ot-flex-column-vertical\" data-id=\"1feb286\" data-element_type=\"column\" data-e-type=\"column\">\n\t\t\t<div class=\"elementor-widget-wrap elementor-element-populated\">\n\t\t\t\t\t\t<div class=\"elementor-element elementor-element-841e06b elementor-widget elementor-widget-iheading\" data-id=\"841e06b\" data-element_type=\"widget\" data-e-type=\"widget\" data-widget_type=\"iheading.default\">\n\t\t\t\t<div class=\"elementor-widget-container\">\n\t\t\t\t\t\t\t<div class=\"ot-heading\">\r\n\t        <span class=\"\">Over mij<\/span>\t        <h3 class=\"main-head\">Plastische, reconstructieve en esthetische chirurgie<\/h3>\t    <\/div>\r\n\t    \t\t\t\t<\/div>\n\t\t\t\t<\/div>\n\t\t\t\t<div class=\"elementor-element elementor-element-bb4f4ed elementor-widget elementor-widget-text-editor\" data-id=\"bb4f4ed\" data-element_type=\"widget\" data-e-type=\"widget\" data-widget_type=\"text-editor.default\">\n\t\t\t\t<div class=\"elementor-widget-container\">\n\t\t\t\t\t\t\t\t\t<p>In 2012 begon hij zijn specialisatieopleiding bij de afdeling Plastische Reconstructieve en Esthetiek van de Medische Faculteit van de Gezondheidseenheden van de Universiteit van Istanbul. Tijdens deze periode volgde hij in 2014 de cursus Microchirurgie aan de Ankara Hacettepe Universiteit. Na het voltooien van zijn verplichte dienst tussen 2017 en 2019, begon hij in 2019 te werken als specialist in plastische reconstructieve en esthetische chirurgie in het opleidings- en onderzoeksziekenhuis \u015ei\u015fli Hamidiye Etfal. Na drie jaar in het staatsziekenhuis te hebben gewerkt, nam hij ontslag en begon hij pati\u00ebnten op te nemen in zijn eigen praktijk. Hij blijft zichzelf verbeteren door deel te nemen aan actuele congressen en trainingen.<\/p>\t\t\t\t\t\t\t\t<\/div>\n\t\t\t\t<\/div>\n\t\t\t\t<section class=\"elementor-section elementor-inner-section elementor-element elementor-element-983ee34 elementor-section-full_width elementor-section-height-default elementor-section-height-default\" data-id=\"983ee34\" data-element_type=\"section\" data-e-type=\"section\">\n\t\t\t\t\t\t<div class=\"elementor-container elementor-column-gap-no\">\n\t\t\t\t\t<div class=\"elementor-column elementor-col-100 elementor-inner-column elementor-element elementor-element-02cefd4 ot-flex-column-vertical\" data-id=\"02cefd4\" data-element_type=\"column\" data-e-type=\"column\">\n\t\t\t<div class=\"elementor-widget-wrap elementor-element-populated\">\n\t\t\t\t\t\t<div class=\"elementor-element elementor-element-d2c189c elementor-widget elementor-widget-heading\" data-id=\"d2c189c\" data-element_type=\"widget\" data-e-type=\"widget\" data-widget_type=\"heading.default\">\n\t\t\t\t<div class=\"elementor-widget-container\">\n\t\t\t\t\t<h6 class=\"elementor-heading-title elementor-size-default\">Hikmet Ihsan Eren<\/h6>\t\t\t\t<\/div>\n\t\t\t\t<\/div>\n\t\t\t\t<div class=\"elementor-element elementor-element-4146a85 elementor-widget elementor-widget-text-editor\" data-id=\"4146a85\" data-element_type=\"widget\" data-e-type=\"widget\" data-widget_type=\"text-editor.default\">\n\t\t\t\t<div class=\"elementor-widget-container\">\n\t\t\t\t\t\t\t\t\t<p>Exploitant Dokter<\/p>\t\t\t\t\t\t\t\t<\/div>\n\t\t\t\t<\/div>\n\t\t\t\t\t<\/div>\n\t\t<\/div>\n\t\t\t\t\t<\/div>\n\t\t<\/section>\n\t\t\t\t\t<\/div>\n\t\t<\/div>\n\t\t\t\t\t<\/div>\n\t\t<\/section>\n\t\t\t\t<section class=\"elementor-section elementor-top-section elementor-element elementor-element-6af12be elementor-section-boxed elementor-section-height-default elementor-section-height-default\" data-id=\"6af12be\" data-element_type=\"section\" data-e-type=\"section\">\n\t\t\t\t\t\t<div class=\"elementor-container elementor-column-gap-extended\">\n\t\t\t\t\t<div class=\"elementor-column elementor-col-25 elementor-top-column elementor-element elementor-element-9865002 ot-flex-column-vertical\" data-id=\"9865002\" data-element_type=\"column\" data-e-type=\"column\">\n\t\t\t<div class=\"elementor-widget-wrap elementor-element-populated\">\n\t\t\t\t\t\t<div class=\"elementor-element elementor-element-0c75221 number-top elementor-widget elementor-widget-icounter\" data-id=\"0c75221\" data-element_type=\"widget\" data-e-type=\"widget\" data-widget_type=\"icounter.default\">\n\t\t\t\t<div class=\"elementor-widget-container\">\n\t\t\t\t\t    \t<div class=\"ot-counter icounter\" data-counter=\"5000\">\r\n        \t<div class=\"c-number\">\r\n        \t\t<span class=\"num\" data-to=\"5000\" data-time= \"2000\"><\/span><span>+<\/span>        \t<\/div>\r\n        \t<h6>cli\u00ebnt<br>Geduldig<\/h6>      \t\t\t\t        \r\n\t    <\/div>\r\n\t    \t\t\t\t<\/div>\n\t\t\t\t<\/div>\n\t\t\t\t\t<\/div>\n\t\t<\/div>\n\t\t\t\t<div class=\"elementor-column elementor-col-25 elementor-top-column elementor-element elementor-element-4efe597 ot-flex-column-vertical\" data-id=\"4efe597\" data-element_type=\"column\" data-e-type=\"column\">\n\t\t\t<div class=\"elementor-widget-wrap elementor-element-populated\">\n\t\t\t\t\t\t<div class=\"elementor-element elementor-element-3976936 number-top elementor-widget elementor-widget-icounter\" data-id=\"3976936\" data-element_type=\"widget\" data-e-type=\"widget\" data-widget_type=\"icounter.default\">\n\t\t\t\t<div class=\"elementor-widget-container\">\n\t\t\t\t\t    \t<div class=\"ot-counter icounter\" data-counter=\"5000\">\r\n        \t<div class=\"c-number\">\r\n        \t\t<span class=\"num\" data-to=\"5000\" data-time= \"2000\"><\/span><span>+<\/span>        \t<\/div>\r\n        \t<h6>Verheugd<br> Geduldig<\/h6>      \t\t\t\t        \r\n\t    <\/div>\r\n\t    \t\t\t\t<\/div>\n\t\t\t\t<\/div>\n\t\t\t\t\t<\/div>\n\t\t<\/div>\n\t\t\t\t<div class=\"elementor-column elementor-col-25 elementor-top-column elementor-element elementor-element-7d86b75 ot-flex-column-vertical\" data-id=\"7d86b75\" data-element_type=\"column\" data-e-type=\"column\">\n\t\t\t<div class=\"elementor-widget-wrap elementor-element-populated\">\n\t\t\t\t\t\t<div class=\"elementor-element elementor-element-75279d9 number-top elementor-widget elementor-widget-icounter\" data-id=\"75279d9\" data-element_type=\"widget\" data-e-type=\"widget\" data-widget_type=\"icounter.default\">\n\t\t\t\t<div class=\"elementor-widget-container\">\n\t\t\t\t\t    \t<div class=\"ot-counter icounter\" data-counter=\"15\">\r\n        \t<div class=\"c-number\">\r\n        \t\t<span class=\"num\" data-to=\"15\" data-time= \"2000\"><\/span><span>+<\/span>        \t<\/div>\r\n        \t<h6>Jaarlijks<br>Ervaring<\/h6>      \t\t\t\t        \r\n\t    <\/div>\r\n\t    \t\t\t\t<\/div>\n\t\t\t\t<\/div>\n\t\t\t\t\t<\/div>\n\t\t<\/div>\n\t\t\t\t<div class=\"elementor-column elementor-col-25 elementor-top-column elementor-element elementor-element-7c9f8c9 ot-flex-column-vertical\" data-id=\"7c9f8c9\" data-element_type=\"column\" data-e-type=\"column\">\n\t\t\t<div class=\"elementor-widget-wrap elementor-element-populated\">\n\t\t\t\t\t\t<div class=\"elementor-element elementor-element-5e295b7 number-top elementor-widget elementor-widget-icounter\" data-id=\"5e295b7\" data-element_type=\"widget\" data-e-type=\"widget\" data-widget_type=\"icounter.default\">\n\t\t\t\t<div class=\"elementor-widget-container\">\n\t\t\t\t\t    \t<div class=\"ot-counter icounter\" data-counter=\"36\">\r\n        \t<div class=\"c-number\">\r\n        \t\t<span class=\"num\" data-to=\"36\" data-time= \"2000\"><\/span>        \t<\/div>\r\n        \t<h6>bijgewoond<br> conferenties<\/h6>      \t\t\t\t        \r\n\t    <\/div>\r\n\t    \t\t\t\t<\/div>\n\t\t\t\t<\/div>\n\t\t\t\t\t<\/div>\n\t\t<\/div>\n\t\t\t\t\t<\/div>\n\t\t<\/section>\n\t\t\t\t<section class=\"elementor-section elementor-top-section elementor-element elementor-element-07bb3a8 elementor-section-boxed elementor-section-height-default elementor-section-height-default\" data-id=\"07bb3a8\" data-element_type=\"section\" data-e-type=\"section\" data-settings=\"{&quot;background_background&quot;:&quot;classic&quot;}\">\n\t\t\t\t\t\t<div class=\"elementor-container elementor-column-gap-default\">\n\t\t\t\t\t<div class=\"elementor-column elementor-col-100 elementor-top-column elementor-element elementor-element-9fed965 ot-flex-column-vertical\" data-id=\"9fed965\" data-element_type=\"column\" data-e-type=\"column\">\n\t\t\t<div class=\"elementor-widget-wrap elementor-element-populated\">\n\t\t\t\t\t\t<section class=\"elementor-section elementor-inner-section elementor-element elementor-element-d2ab48f elementor-section-full_width elementor-section-height-default elementor-section-height-default\" data-id=\"d2ab48f\" data-element_type=\"section\" data-e-type=\"section\">\n\t\t\t\t\t\t<div class=\"elementor-container elementor-column-gap-extended\">\n\t\t\t\t\t<div class=\"elementor-column elementor-col-33 elementor-inner-column elementor-element elementor-element-ad3790a ot-flex-column-vertical\" data-id=\"ad3790a\" data-element_type=\"column\" data-e-type=\"column\">\n\t\t\t<div class=\"elementor-widget-wrap\">\n\t\t\t\t\t\t\t<\/div>\n\t\t<\/div>\n\t\t\t\t<div class=\"elementor-column elementor-col-33 elementor-inner-column elementor-element elementor-element-ca838f8 ot-flex-column-vertical\" data-id=\"ca838f8\" data-element_type=\"column\" data-e-type=\"column\">\n\t\t\t<div class=\"elementor-widget-wrap elementor-element-populated\">\n\t\t\t\t\t\t<div class=\"elementor-element elementor-element-ba65ecc elementor-widget elementor-widget-iheading\" data-id=\"ba65ecc\" data-element_type=\"widget\" data-e-type=\"widget\" data-widget_type=\"iheading.default\">\n\t\t\t\t<div class=\"elementor-widget-container\">\n\t\t\t\t\t\t\t<div class=\"ot-heading\">\r\n\t        <span class=\"\">BEHANDELINGEN<\/span>\t        <h3 class=\"main-head\">Plastische chirurgie<\/h3>\t    <\/div>\r\n\t    \t\t\t\t<\/div>\n\t\t\t\t<\/div>\n\t\t\t\t<div class=\"elementor-element elementor-element-260733b elementor-widget elementor-widget-text-editor\" data-id=\"260733b\" data-element_type=\"widget\" data-e-type=\"widget\" data-widget_type=\"text-editor.default\">\n\t\t\t\t<div class=\"elementor-widget-container\">\n\t\t\t\t\t\t\t\t\t<p>Hieronder ziet u de belangrijkste diensten die wij leveren. Neem contact met ons op voor een afspraak met onze arts!<\/p>\t\t\t\t\t\t\t\t<\/div>\n\t\t\t\t<\/div>\n\t\t\t\t\t<\/div>\n\t\t<\/div>\n\t\t\t\t<div class=\"elementor-column elementor-col-33 elementor-inner-column elementor-element elementor-element-bdb7238 ot-flex-column-vertical\" data-id=\"bdb7238\" data-element_type=\"column\" data-e-type=\"column\">\n\t\t\t<div class=\"elementor-widget-wrap\">\n\t\t\t\t\t\t\t<\/div>\n\t\t<\/div>\n\t\t\t\t\t<\/div>\n\t\t<\/section>\n\t\t\t\t<div class=\"elementor-element elementor-element-658246c elementor-widget elementor-widget-iiboxcarousel\" data-id=\"658246c\" data-element_type=\"widget\" data-e-type=\"widget\" data-widget_type=\"iiboxcarousel.default\">\n\t\t\t\t<div class=\"elementor-widget-container\">\n\t\t\t\t\t\t\t<div class=\"image-box-carousel\" data-loop=\"false\" data-auto=\"true\" data-time=\"7000\" data-arrows=\"false\" data-dots=\"true\" data-show=\"\" data-tshow=\"\" data-mshow=\"\" data-gaps=\"\" data-tgaps=\"\" data-mgaps=\"\">\r\n\t\t\t<div class=\"owl-carousel owl-theme\">\r\n\t\t\t\t\t\t\t\t<div class=\"ot-image-box\">\r\n\t\t\t\t\t<a href=\"https:\/\/drhikmetihsaneren.com\/nl\/communicatie\/\"><img decoding=\"async\" src=\"https:\/\/drhikmetihsaneren.com\/wp-content\/uploads\/2023\/08\/1.png\" alt=\"Gezichtsesthetiek\"><\/a>\t\t\t\t\t<div class=\"content-box\">\r\n\t\t\t\t\t\t<h5 class=\"title-box\"><a href=\"https:\/\/drhikmetihsaneren.com\/nl\/communicatie\/\">Gezichtsesthetiek<\/a><\/h5>\t\t\t\t\t\t<p>Neem contact met ons op om een afspraak te maken met onze arts Hikmet \u0130hsan Eren voor gezichtsesthetiek!<\/p>\t\t\t\t\t<\/div>\r\n\t\t\t\t\t<a href=\"https:\/\/drhikmetihsaneren.com\/nl\/communicatie\/\" class=\"link-box font-second\"><span>Ontmoeting<\/span><i class=\"ot-flaticon-trajectory\"><\/i><\/a>\t\t\t\t<\/div>\r\n\t\t\t\t\t\t\t\t<div class=\"ot-image-box\">\r\n\t\t\t\t\t<a href=\"https:\/\/drhikmetihsaneren.com\/nl\/communicatie\/\"><img decoding=\"async\" src=\"https:\/\/drhikmetihsaneren.com\/wp-content\/uploads\/2023\/08\/2.png\" alt=\"Lichaamsesthetiek\"><\/a>\t\t\t\t\t<div class=\"content-box\">\r\n\t\t\t\t\t\t<h5 class=\"title-box\"><a href=\"https:\/\/drhikmetihsaneren.com\/nl\/communicatie\/\">Lichaamsesthetiek<\/a><\/h5>\t\t\t\t\t\t<p>Neem contact met ons op om een afspraak te maken met onze arts Hikmet \u0130hsan Eren voor lichaamsesthetiek!<\/p>\t\t\t\t\t<\/div>\r\n\t\t\t\t\t<a href=\"https:\/\/drhikmetihsaneren.com\/nl\/communicatie\/\" class=\"link-box font-second\"><span>Ontmoeting<\/span><i class=\"ot-flaticon-trajectory\"><\/i><\/a>\t\t\t\t<\/div>\r\n\t\t\t\t\t\t\t\t<div class=\"ot-image-box\">\r\n\t\t\t\t\t<a href=\"https:\/\/drhikmetihsaneren.com\/nl\/communicatie\/\"><img decoding=\"async\" src=\"https:\/\/drhikmetihsaneren.com\/wp-content\/uploads\/2023\/08\/3.png\" alt=\"Borst-esthetiek\"><\/a>\t\t\t\t\t<div class=\"content-box\">\r\n\t\t\t\t\t\t<h5 class=\"title-box\"><a href=\"https:\/\/drhikmetihsaneren.com\/nl\/communicatie\/\">Borst-esthetiek<\/a><\/h5>\t\t\t\t\t\t<p>Neem contact met ons op om een afspraak te maken met onze arts Hikmet \u0130hsan Eren voor borstesthetiek!<\/p>\t\t\t\t\t<\/div>\r\n\t\t\t\t\t<a href=\"https:\/\/drhikmetihsaneren.com\/nl\/communicatie\/\" class=\"link-box font-second\"><span>Ontmoeting<\/span><i class=\"ot-flaticon-trajectory\"><\/i><\/a>\t\t\t\t<\/div>\r\n\t\t\t\t\t\t\t<\/div>\r\n\t\t<\/div>\r\n\r\n\t    \t\t\t\t<\/div>\n\t\t\t\t<\/div>\n\t\t\t\t\t<\/div>\n\t\t<\/div>\n\t\t\t\t\t<\/div>\n\t\t<\/section>\n\t\t\t\t<\/div>","protected":false},"excerpt":{"rendered":"<p>Hakk\u0131mda Plastik, Rekonstr\u00fcktif ve Estetik Cerrahi 2012 y\u0131l\u0131nda Sa\u011fl\u0131k Birimleri \u00dcniversitesi \u0130stanbul T\u0131p Fak\u00fcltesi Plastik Rekonstr\u00fcktif ve Estetik Ana Bilim Dal\u0131nda \u0130htisas E\u011fitimine ba\u015flam\u0131\u015ft\u0131r. Bu s\u00fcre\u00e7te 2014 y\u0131l\u0131nda Ankara Hacettepe \u00dcniversitesinde Mikro Cerrahi kursu alm\u0131\u015ft\u0131r. 2017-2019 y\u0131llar\u0131 aras\u0131nda zorunlu hizmetini tamamlad\u0131ktan sonra 2019 y\u0131l\u0131nda Plastik Rekonstr\u00fcktif ve Estetik Cerrahi Uzman\u0131 olarak \u015ei\u015fli Hamidiye Etfal E\u011fitim [&hellip;]<\/p>\n","protected":false},"author":1,"featured_media":0,"parent":0,"menu_order":0,"comment_status":"closed","ping_status":"closed","template":"","meta":{"content-type":"","inline_featured_image":false,"footnotes":""},"class_list":["post-487","page","type-page","status-publish","hentry"],"yoast_head":"<!-- This site is optimized with the Yoast SEO plugin v27.4 - https:\/\/yoast.com\/product\/yoast-seo-wordpress\/ -->\n<title>Hakk\u0131mda | Op.Dr. Hikmet \u0130hsan Eren<\/title>\n<meta name=\"robots\" content=\"index, follow, max-snippet:-1, max-image-preview:large, max-video-preview:-1\" \/>\n<link rel=\"canonical\" href=\"https:\/\/drhikmetihsaneren.com\/nl\/over-ons\/\" \/>\n<meta property=\"og:locale\" content=\"nl_NL\" \/>\n<meta property=\"og:type\" content=\"article\" \/>\n<meta property=\"og:title\" content=\"Hakk\u0131mda | Op.Dr. Hikmet \u0130hsan Eren\" \/>\n<meta property=\"og:description\" content=\"Hakk\u0131mda Plastik, Rekonstr\u00fcktif ve Estetik Cerrahi 2012 y\u0131l\u0131nda Sa\u011fl\u0131k Birimleri \u00dcniversitesi \u0130stanbul T\u0131p Fak\u00fcltesi Plastik Rekonstr\u00fcktif ve Estetik Ana Bilim Dal\u0131nda \u0130htisas E\u011fitimine ba\u015flam\u0131\u015ft\u0131r. Bu s\u00fcre\u00e7te 2014 y\u0131l\u0131nda Ankara Hacettepe \u00dcniversitesinde Mikro Cerrahi kursu alm\u0131\u015ft\u0131r. 2017-2019 y\u0131llar\u0131 aras\u0131nda zorunlu hizmetini tamamlad\u0131ktan sonra 2019 y\u0131l\u0131nda Plastik Rekonstr\u00fcktif ve Estetik Cerrahi Uzman\u0131 olarak \u015ei\u015fli Hamidiye Etfal E\u011fitim [&hellip;]\" \/>\n<meta property=\"og:url\" content=\"https:\/\/drhikmetihsaneren.com\/nl\/over-ons\/\" \/>\n<meta property=\"og:site_name\" content=\"Op. Hikmet \u0130hsan Eren\" \/>\n<meta property=\"article:modified_time\" content=\"2023-09-16T17:54:21+00:00\" \/>\n<meta property=\"og:image\" content=\"https:\/\/drhikmetihsaneren.com\/wp-content\/uploads\/2023\/08\/Adsiz-tasarim.png\" \/>\n<meta name=\"twitter:card\" content=\"summary_large_image\" \/>\n<meta name=\"twitter:label1\" content=\"Geschatte leestijd\" \/>\n\t<meta name=\"twitter:data1\" content=\"2 minuten\" \/>\n<script type=\"application\/ld+json\" class=\"yoast-schema-graph\">{\"@context\":\"https:\\\/\\\/schema.org\",\"@graph\":[{\"@type\":\"WebPage\",\"@id\":\"https:\\\/\\\/drhikmetihsaneren.com\\\/hakkimizda\\\/\",\"url\":\"https:\\\/\\\/drhikmetihsaneren.com\\\/hakkimizda\\\/\",\"name\":\"Hakk\u0131mda | Op.Dr. Hikmet \u0130hsan Eren\",\"isPartOf\":{\"@id\":\"https:\\\/\\\/drhikmetihsaneren.com\\\/#website\"},\"primaryImageOfPage\":{\"@id\":\"https:\\\/\\\/drhikmetihsaneren.com\\\/hakkimizda\\\/#primaryimage\"},\"image\":{\"@id\":\"https:\\\/\\\/drhikmetihsaneren.com\\\/hakkimizda\\\/#primaryimage\"},\"thumbnailUrl\":\"https:\\\/\\\/drhikmetihsaneren.com\\\/wp-content\\\/uploads\\\/2023\\\/08\\\/Adsiz-tasarim.png\",\"datePublished\":\"2023-08-18T00:22:12+00:00\",\"dateModified\":\"2023-09-16T17:54:21+00:00\",\"breadcrumb\":{\"@id\":\"https:\\\/\\\/drhikmetihsaneren.com\\\/hakkimizda\\\/#breadcrumb\"},\"inLanguage\":\"nl-NL\",\"potentialAction\":[{\"@type\":\"ReadAction\",\"target\":[\"https:\\\/\\\/drhikmetihsaneren.com\\\/hakkimizda\\\/\"]}]},{\"@type\":\"ImageObject\",\"inLanguage\":\"nl-NL\",\"@id\":\"https:\\\/\\\/drhikmetihsaneren.com\\\/hakkimizda\\\/#primaryimage\",\"url\":\"https:\\\/\\\/drhikmetihsaneren.com\\\/wp-content\\\/uploads\\\/2023\\\/08\\\/Adsiz-tasarim.png\",\"contentUrl\":\"https:\\\/\\\/drhikmetihsaneren.com\\\/wp-content\\\/uploads\\\/2023\\\/08\\\/Adsiz-tasarim.png\"},{\"@type\":\"BreadcrumbList\",\"@id\":\"https:\\\/\\\/drhikmetihsaneren.com\\\/hakkimizda\\\/#breadcrumb\",\"itemListElement\":[{\"@type\":\"ListItem\",\"position\":1,\"name\":\"Anasayfa\",\"item\":\"https:\\\/\\\/drhikmetihsaneren.com\\\/\"},{\"@type\":\"ListItem\",\"position\":2,\"name\":\"Hakk\u0131mda\"}]},{\"@type\":\"WebSite\",\"@id\":\"https:\\\/\\\/drhikmetihsaneren.com\\\/#website\",\"url\":\"https:\\\/\\\/drhikmetihsaneren.com\\\/\",\"name\":\"Op. Hikmet \u0130hsan Eren\",\"description\":\"Estetik Cerrahi\",\"potentialAction\":[{\"@type\":\"SearchAction\",\"target\":{\"@type\":\"EntryPoint\",\"urlTemplate\":\"https:\\\/\\\/drhikmetihsaneren.com\\\/?s={search_term_string}\"},\"query-input\":{\"@type\":\"PropertyValueSpecification\",\"valueRequired\":true,\"valueName\":\"search_term_string\"}}],\"inLanguage\":\"nl-NL\"}]}<\/script>\n<!-- \/ Yoast SEO plugin. -->","yoast_head_json":{"title":"Over mij | Op.Dr. Hikmet Ihsan Eren","robots":{"index":"index","follow":"follow","max-snippet":"max-snippet:-1","max-image-preview":"max-image-preview:large","max-video-preview":"max-video-preview:-1"},"canonical":"https:\/\/drhikmetihsaneren.com\/nl\/over-ons\/","og_locale":"nl_NL","og_type":"article","og_title":"Hakk\u0131mda | Op.Dr. Hikmet \u0130hsan Eren","og_description":"Hakk\u0131mda Plastik, Rekonstr\u00fcktif ve Estetik Cerrahi 2012 y\u0131l\u0131nda Sa\u011fl\u0131k Birimleri \u00dcniversitesi \u0130stanbul T\u0131p Fak\u00fcltesi Plastik Rekonstr\u00fcktif ve Estetik Ana Bilim Dal\u0131nda \u0130htisas E\u011fitimine ba\u015flam\u0131\u015ft\u0131r. Bu s\u00fcre\u00e7te 2014 y\u0131l\u0131nda Ankara Hacettepe \u00dcniversitesinde Mikro Cerrahi kursu alm\u0131\u015ft\u0131r. 2017-2019 y\u0131llar\u0131 aras\u0131nda zorunlu hizmetini tamamlad\u0131ktan sonra 2019 y\u0131l\u0131nda Plastik Rekonstr\u00fcktif ve Estetik Cerrahi Uzman\u0131 olarak \u015ei\u015fli Hamidiye Etfal E\u011fitim [&hellip;]","og_url":"https:\/\/drhikmetihsaneren.com\/nl\/over-ons\/","og_site_name":"Op. Hikmet \u0130hsan Eren","article_modified_time":"2023-09-16T17:54:21+00:00","og_image":[{"url":"https:\/\/drhikmetihsaneren.com\/wp-content\/uploads\/2023\/08\/Adsiz-tasarim.png","type":"","width":"","height":""}],"twitter_card":"summary_large_image","twitter_misc":{"Geschatte leestijd":"2 minuten"},"schema":{"@context":"https:\/\/schema.org","@graph":[{"@type":"WebPage","@id":"https:\/\/drhikmetihsaneren.com\/hakkimizda\/","url":"https:\/\/drhikmetihsaneren.com\/hakkimizda\/","name":"Over mij | Op.Dr. Hikmet Ihsan Eren","isPartOf":{"@id":"https:\/\/drhikmetihsaneren.com\/#website"},"primaryImageOfPage":{"@id":"https:\/\/drhikmetihsaneren.com\/hakkimizda\/#primaryimage"},"image":{"@id":"https:\/\/drhikmetihsaneren.com\/hakkimizda\/#primaryimage"},"thumbnailUrl":"https:\/\/drhikmetihsaneren.com\/wp-content\/uploads\/2023\/08\/Adsiz-tasarim.png","datePublished":"2023-08-18T00:22:12+00:00","dateModified":"2023-09-16T17:54:21+00:00","breadcrumb":{"@id":"https:\/\/drhikmetihsaneren.com\/hakkimizda\/#breadcrumb"},"inLanguage":"nl-NL","potentialAction":[{"@type":"ReadAction","target":["https:\/\/drhikmetihsaneren.com\/hakkimizda\/"]}]},{"@type":"ImageObject","inLanguage":"nl-NL","@id":"https:\/\/drhikmetihsaneren.com\/hakkimizda\/#primaryimage","url":"https:\/\/drhikmetihsaneren.com\/wp-content\/uploads\/2023\/08\/Adsiz-tasarim.png","contentUrl":"https:\/\/drhikmetihsaneren.com\/wp-content\/uploads\/2023\/08\/Adsiz-tasarim.png"},{"@type":"BreadcrumbList","@id":"https:\/\/drhikmetihsaneren.com\/hakkimizda\/#breadcrumb","itemListElement":[{"@type":"ListItem","position":1,"name":"Anasayfa","item":"https:\/\/drhikmetihsaneren.com\/"},{"@type":"ListItem","position":2,"name":"Hakk\u0131mda"}]},{"@type":"WebSite","@id":"https:\/\/drhikmetihsaneren.com\/#website","url":"https:\/\/drhikmetihsaneren.com\/","name":"Kus. Hikmet Ihsan Eren","description":"Plastische chirurgie","potentialAction":[{"@type":"SearchAction","target":{"@type":"EntryPoint","urlTemplate":"https:\/\/drhikmetihsaneren.com\/?s={search_term_string}"},"query-input":{"@type":"PropertyValueSpecification","valueRequired":true,"valueName":"search_term_string"}}],"inLanguage":"nl-NL"}]}},"_links":{"self":[{"href":"https:\/\/drhikmetihsaneren.com\/nl\/wp-json\/wp\/v2\/pages\/487","targetHints":{"allow":["GET"]}}],"collection":[{"href":"https:\/\/drhikmetihsaneren.com\/nl\/wp-json\/wp\/v2\/pages"}],"about":[{"href":"https:\/\/drhikmetihsaneren.com\/nl\/wp-json\/wp\/v2\/types\/page"}],"author":[{"embeddable":true,"href":"https:\/\/drhikmetihsaneren.com\/nl\/wp-json\/wp\/v2\/users\/1"}],"replies":[{"embeddable":true,"href":"https:\/\/drhikmetihsaneren.com\/nl\/wp-json\/wp\/v2\/comments?post=487"}],"version-history":[{"count":56,"href":"https:\/\/drhikmetihsaneren.com\/nl\/wp-json\/wp\/v2\/pages\/487\/revisions"}],"predecessor-version":[{"id":7418,"href":"https:\/\/drhikmetihsaneren.com\/nl\/wp-json\/wp\/v2\/pages\/487\/revisions\/7418"}],"wp:attachment":[{"href":"https:\/\/drhikmetihsaneren.com\/nl\/wp-json\/wp\/v2\/media?parent=487"}],"curies":[{"name":"wp","href":"https:\/\/api.w.org\/{rel}","templated":true}]}}