{"id":566,"date":"2023-08-18T03:22:49","date_gmt":"2023-08-18T00:22:49","guid":{"rendered":"http:\/\/wpdemo.archiwp.com\/maxbizz\/?page_id=566"},"modified":"2023-08-18T03:22:49","modified_gmt":"2023-08-18T00:22:49","slug":"faq","status":"publish","type":"page","link":"https:\/\/drhikmetihsaneren.com\/nl\/faq\/","title":{"rendered":"FAQ"},"content":{"rendered":"<div data-elementor-type=\"wp-page\" data-elementor-id=\"566\" class=\"elementor elementor-566\">\n\t\t\t\t\t\t<section class=\"elementor-section elementor-top-section elementor-element elementor-element-1fad6c2 elementor-section-boxed elementor-section-height-default elementor-section-height-default\" data-id=\"1fad6c2\" data-element_type=\"section\" data-e-type=\"section\">\n\t\t\t\t\t\t<div class=\"elementor-container elementor-column-gap-default\">\n\t\t\t\t\t<div class=\"elementor-column elementor-col-100 elementor-top-column elementor-element elementor-element-cfef8fb ot-flex-column-vertical\" data-id=\"cfef8fb\" data-element_type=\"column\" data-e-type=\"column\">\n\t\t\t<div class=\"elementor-widget-wrap elementor-element-populated\">\n\t\t\t\t\t\t<section class=\"elementor-section elementor-inner-section elementor-element elementor-element-b29ca39 elementor-section-full_width elementor-section-height-default elementor-section-height-default\" data-id=\"b29ca39\" data-element_type=\"section\" data-e-type=\"section\">\n\t\t\t\t\t\t<div class=\"elementor-container elementor-column-gap-default\">\n\t\t\t\t\t<div class=\"elementor-column elementor-col-33 elementor-inner-column elementor-element elementor-element-3d04547 ot-flex-column-vertical\" data-id=\"3d04547\" data-element_type=\"column\" data-e-type=\"column\">\n\t\t\t<div class=\"elementor-widget-wrap\">\n\t\t\t\t\t\t\t<\/div>\n\t\t<\/div>\n\t\t\t\t<div class=\"elementor-column elementor-col-33 elementor-inner-column elementor-element elementor-element-ba86566 ot-flex-column-vertical\" data-id=\"ba86566\" data-element_type=\"column\" data-e-type=\"column\">\n\t\t\t<div class=\"elementor-widget-wrap elementor-element-populated\">\n\t\t\t\t\t\t<div class=\"elementor-element elementor-element-4865c99 elementor-widget elementor-widget-iheading\" data-id=\"4865c99\" data-element_type=\"widget\" data-e-type=\"widget\" data-widget_type=\"iheading.default\">\n\t\t\t\t<div class=\"elementor-widget-container\">\n\t\t\t\t\t\t\t<div class=\"ot-heading\">\r\n\t        <span class=\"\">FAQ<\/span>\t        <h3 class=\"main-head\">Veel Gestelde Vragen<\/h3>\t    <\/div>\r\n\t    \t\t\t\t<\/div>\n\t\t\t\t<\/div>\n\t\t\t\t<div class=\"elementor-element elementor-element-f714140 elementor-widget elementor-widget-text-editor\" data-id=\"f714140\" data-element_type=\"widget\" data-e-type=\"widget\" data-widget_type=\"text-editor.default\">\n\t\t\t\t<div class=\"elementor-widget-container\">\n\t\t\t\t\t\t\t\t\t<p>Veelgestelde vragen en antwoorden vindt u hieronder. Heeft u een andere vraag, neem dan contact met ons op!<\/p>\t\t\t\t\t\t\t\t<\/div>\n\t\t\t\t<\/div>\n\t\t\t\t\t<\/div>\n\t\t<\/div>\n\t\t\t\t<div class=\"elementor-column elementor-col-33 elementor-inner-column elementor-element elementor-element-af5bfe2 ot-flex-column-vertical\" data-id=\"af5bfe2\" data-element_type=\"column\" data-e-type=\"column\">\n\t\t\t<div class=\"elementor-widget-wrap\">\n\t\t\t\t\t\t\t<\/div>\n\t\t<\/div>\n\t\t\t\t\t<\/div>\n\t\t<\/section>\n\t\t\t\t<section class=\"elementor-section elementor-inner-section elementor-element elementor-element-0e107ea elementor-section-full_width elementor-section-height-default elementor-section-height-default\" data-id=\"0e107ea\" data-element_type=\"section\" data-e-type=\"section\">\n\t\t\t\t\t\t<div class=\"elementor-container elementor-column-gap-extended\">\n\t\t\t\t\t<div class=\"elementor-column elementor-col-50 elementor-inner-column elementor-element elementor-element-531351e ot-flex-column-vertical\" data-id=\"531351e\" data-element_type=\"column\" data-e-type=\"column\">\n\t\t\t<div class=\"elementor-widget-wrap elementor-element-populated\">\n\t\t\t\t\t\t<div class=\"elementor-element elementor-element-2e8ff7b elementor-widget elementor-widget-iaccordions\" data-id=\"2e8ff7b\" data-element_type=\"widget\" data-e-type=\"widget\" data-widget_type=\"iaccordions.default\">\n\t\t\t\t<div class=\"elementor-widget-container\">\n\t\t\t\t\t\r\n\t\t<div class=\"ot-accordions\">\r\n\t\t\t\t\t\t<div class=\"acc-item\">\r\n\t\t\t\t<div class=\"acc-toggle flex-middle\" data-default=\"yes\" >Wat is gezichtsesthetiek? \r\n\t\t\t\t\t<i class=\"ot-flaticon-arrowsoutline\"><\/i>\r\n\t\t\t\t<\/div>\r\n\t\t\t\t<div class=\"acc-content\">\r\n\t\t\t\t\t<p>Gezichtsesthetiek verwijst naar een medisch vakgebied dat chirurgische of niet-chirurgische procedures omvat die worden uitgevoerd om het uiterlijk van het gezicht te verbeteren. Deze procedures kunnen over het algemeen procedures omvatten zoals neusesthetiek (neuscorrectie), facelift (rhidoplastie) en ooglidesthetiek (ooglidcorrectie).<\/p>\t\t\t\t<\/div>\r\n\t\t\t<\/div>\r\n\t\t\t\t\t\t<div class=\"acc-item\">\r\n\t\t\t\t<div class=\"acc-toggle flex-middle\"  >Welke esthetische gezichtsbehandelingen komen het meest voor? \r\n\t\t\t\t\t<i class=\"ot-flaticon-arrowsoutline\"><\/i>\r\n\t\t\t\t<\/div>\r\n\t\t\t\t<div class=\"acc-content\">\r\n\t\t\t\t\t<p>De meest voorkomende esthetische gezichtsbehandelingen zijn neuscorrectie, facelift, ooglidesthetiek, lipfillers en botox. Deze procedures kunnen worden toegepast afhankelijk van de voorkeur en behoeften van de persoon.<\/p>\t\t\t\t<\/div>\r\n\t\t\t<\/div>\r\n\t\t\t\t\t\t<div class=\"acc-item\">\r\n\t\t\t\t<div class=\"acc-toggle flex-middle\"  >Wie is een geschikte kandidaat voor een esthetische gezichtsbehandeling? \r\n\t\t\t\t\t<i class=\"ot-flaticon-arrowsoutline\"><\/i>\r\n\t\t\t\t<\/div>\r\n\t\t\t\t<div class=\"acc-content\">\r\n\t\t\t\t\t<p>De in aanmerking komende kandidatuur kan vari\u00ebren afhankelijk van het type procedure en de gezondheidstoestand van de persoon. Om een goede kandidaat te zijn, moet iemand over het algemeen in goede algemene gezondheid verkeren, realistische verwachtingen hebben van de procedure en bereid zijn de instructies v\u00f3\u00f3r en na de operatie op te volgen. Het is belangrijk om in overleg met een arts de geschiktheid voor uw persoonlijke situatie te beoordelen.<\/p>\t\t\t\t<\/div>\r\n\t\t\t<\/div>\r\n\t\t\t\t\t\t<div class=\"acc-item\">\r\n\t\t\t\t<div class=\"acc-toggle flex-middle\"  >Wat zijn de niet-chirurgische opties voor gezichtsesthetiek? \r\n\t\t\t\t\t<i class=\"ot-flaticon-arrowsoutline\"><\/i>\r\n\t\t\t\t<\/div>\r\n\t\t\t\t<div class=\"acc-content\">\r\n\t\t\t\t\t<p>Niet-chirurgische gezichtsesthetiek omvat procedures die minder invasief zijn en doorgaans minder hersteltijd vergen dan chirurgische procedures. Deze opties kunnen methoden omvatten zoals botox-injecties, fillers (zoals hyaluronzuur), chemische peelings, laserbehandelingen en micro-injecties.<\/p>\t\t\t\t<\/div>\r\n\t\t\t<\/div>\r\n\t\t\t\t\t\t<div class=\"acc-item\">\r\n\t\t\t\t<div class=\"acc-toggle flex-middle\"  >Wat zijn de risico&#039;s van gezichtsesthetiek? \r\n\t\t\t\t\t<i class=\"ot-flaticon-arrowsoutline\"><\/i>\r\n\t\t\t\t<\/div>\r\n\t\t\t\t<div class=\"acc-content\">\r\n\t\t\t\t\t<p>Zoals bij elke medische procedure, brengen esthetische gezichtsbehandelingen bepaalde risico&#039;s met zich mee. Deze kunnen complicaties omvatten zoals infectie, anesthesiereacties, onverwachte resultaten, littekens en tijdelijke gevoelloosheid. Daarom is het belangrijk om voorafgaand aan de procedure gedetailleerd overleg te plegen met een gespecialiseerde arts en de risico&#039;s te begrijpen.<\/p>\t\t\t\t<\/div>\r\n\t\t\t<\/div>\r\n\t\t\t\t\t\t<div class=\"acc-item\">\r\n\t\t\t\t<div class=\"acc-toggle flex-middle\"  >Wat is lichaamsesthetiek? \r\n\t\t\t\t\t<i class=\"ot-flaticon-arrowsoutline\"><\/i>\r\n\t\t\t\t<\/div>\r\n\t\t\t\t<div class=\"acc-content\">\r\n\t\t\t\t\t<p>Lichaamsesthetiek verwijst naar een medisch vakgebied dat chirurgische en niet-chirurgische procedures omvat die worden uitgevoerd om het uiterlijk van het lichaam te corrigeren, vorm te geven of te verbeteren. <a href=\"https:\/\/drhikmetihsaneren.com\/nl\/wat-is-liposuctie\/\">liposuctie<\/a>Procedures zoals buikwandcorrectie, borstvergroting of -verkleining kunnen worden gegeven als voorbeelden van lichaamsesthetiek.<\/p>\t\t\t\t<\/div>\r\n\t\t\t<\/div>\r\n\t\t\t\t    <\/div>\r\n\r\n\t    \t\t\t\t<\/div>\n\t\t\t\t<\/div>\n\t\t\t\t\t<\/div>\n\t\t<\/div>\n\t\t\t\t<div class=\"elementor-column elementor-col-50 elementor-inner-column elementor-element elementor-element-a627a5f ot-flex-column-vertical\" data-id=\"a627a5f\" data-element_type=\"column\" data-e-type=\"column\">\n\t\t\t<div class=\"elementor-widget-wrap elementor-element-populated\">\n\t\t\t\t\t\t<div class=\"elementor-element elementor-element-8463953 elementor-widget elementor-widget-iaccordions\" data-id=\"8463953\" data-element_type=\"widget\" data-e-type=\"widget\" data-widget_type=\"iaccordions.default\">\n\t\t\t\t<div class=\"elementor-widget-container\">\n\t\t\t\t\t\r\n\t\t<div class=\"ot-accordions\">\r\n\t\t\t\t\t\t<div class=\"acc-item\">\r\n\t\t\t\t<div class=\"acc-toggle flex-middle\" data-default=\"yes\" >Wat zijn de niet-chirurgische esthetische opties voor het lichaam? \r\n\t\t\t\t\t<i class=\"ot-flaticon-arrowsoutline\"><\/i>\r\n\t\t\t\t<\/div>\r\n\t\t\t\t<div class=\"acc-content\">\r\n\t\t\t\t\t<p>Niet-chirurgische opties voor lichaamsesthetiek omvatten procedures die niet-chirurgisch en over het algemeen minder invasief zijn. Hiertoe kunnen methoden behoren zoals het bevriezen van vet (cryolipolyse), laserlipolyse, radiofrequentie- of ultrasone technologie\u00ebn die worden gebruikt voor lichaamsvorming.<\/p>\t\t\t\t<\/div>\r\n\t\t\t<\/div>\r\n\t\t\t\t\t\t<div class=\"acc-item\">\r\n\t\t\t\t<div class=\"acc-toggle flex-middle\"  >Wat zijn de risico&#039;s van lichaamsesthetiek? \r\n\t\t\t\t\t<i class=\"ot-flaticon-arrowsoutline\"><\/i>\r\n\t\t\t\t<\/div>\r\n\t\t\t\t<div class=\"acc-content\">\r\n\t\t\t\t\t<p>Esthetische procedures voor het lichaam kunnen ook risico&#039;s met zich meebrengen. Deze risico&#039;s kunnen infectie, anesthesiereacties, wondgenezingsproblemen, onverwachte resultaten en sensorische veranderingen omvatten. Hersteltijden kunnen over het algemeen langer zijn bij chirurgische ingrepen. Daarom is het belangrijk om voorafgaand aan de procedure een gedetailleerd consultatiegesprek te voeren met een gespecialiseerde chirurg en de risico&#039;s te begrijpen.<\/p>\t\t\t\t<\/div>\r\n\t\t\t<\/div>\r\n\t\t\t\t\t\t<div class=\"acc-item\">\r\n\t\t\t\t<div class=\"acc-toggle flex-middle\"  >Wat is borstesthetiek? \r\n\t\t\t\t\t<i class=\"ot-flaticon-arrowsoutline\"><\/i>\r\n\t\t\t\t<\/div>\r\n\t\t\t\t<div class=\"acc-content\">\r\n\t\t\t\t\t<p>Borstesthetiek verwijst naar een medisch vakgebied dat chirurgische of niet-chirurgische procedures omvat om het uiterlijk van de borsten te corrigeren, vorm te geven of te reconstrueren. Procedures zoals borstvergroting, borstverkleining, borstlift en borstreconstructie worden beschouwd als onderdeel van de borstesthetiek.<\/p>\t\t\t\t<\/div>\r\n\t\t\t<\/div>\r\n\t\t\t\t\t\t<div class=\"acc-item\">\r\n\t\t\t\t<div class=\"acc-toggle flex-middle\"  >Welke esthetische borstprocedures komen het meest voor? \r\n\t\t\t\t\t<i class=\"ot-flaticon-arrowsoutline\"><\/i>\r\n\t\t\t\t<\/div>\r\n\t\t\t\t<div class=\"acc-content\">\r\n\t\t\t\t\t<p>De meest voorkomende esthetische borstprocedures zijn borstvergroting, borstverkleining, borstlift (mastopexie), borstreconstructie en correctie van borstasymmetrie. Elk van hen kan de voorkeur hebben voor verschillende doeleinden.<\/p>\t\t\t\t<\/div>\r\n\t\t\t<\/div>\r\n\t\t\t\t\t\t<div class=\"acc-item\">\r\n\t\t\t\t<div class=\"acc-toggle flex-middle\"  >Wie is een geschikte kandidaat voor borstesthetiek? \r\n\t\t\t\t\t<i class=\"ot-flaticon-arrowsoutline\"><\/i>\r\n\t\t\t\t<\/div>\r\n\t\t\t\t<div class=\"acc-content\">\r\n\t\t\t\t\t<p>De geschiktheid van esthetische borstkandidaten hangt af van factoren zoals de gezondheidstoestand, verwachtingen en anatomische kenmerken van de persoon. Personen die over het algemeen in goede gezondheid verkeren, de borstontwikkeling hebben voltooid en een realistisch perspectief hebben op de resultaten van de procedure, kunnen in aanmerking komen voor borstesthetiek.<\/p>\t\t\t\t<\/div>\r\n\t\t\t<\/div>\r\n\t\t\t\t\t\t<div class=\"acc-item\">\r\n\t\t\t\t<div class=\"acc-toggle flex-middle\"  >Hoe worden esthetische borstprocedures uitgevoerd? \r\n\t\t\t\t\t<i class=\"ot-flaticon-arrowsoutline\"><\/i>\r\n\t\t\t\t<\/div>\r\n\t\t\t\t<div class=\"acc-content\">\r\n\t\t\t\t\t<p>Bij esthetische borstprocedures kunnen implantaten worden gebruikt voor borstvergroting, terwijl overtollig weefsel kan worden verwijderd of opnieuw kan worden gevormd voor borstverkleining en -lift. Bij een borstreconstructie wordt de borststructuur gereconstrueerd na een borstamputatie. Procedures kunnen worden uitgevoerd met chirurgische of niet-chirurgische methoden.<\/p>\t\t\t\t<\/div>\r\n\t\t\t<\/div>\r\n\t\t\t\t    <\/div>\r\n\r\n\t    \t\t\t\t<\/div>\n\t\t\t\t<\/div>\n\t\t\t\t\t<\/div>\n\t\t<\/div>\n\t\t\t\t\t<\/div>\n\t\t<\/section>\n\t\t\t\t\t<\/div>\n\t\t<\/div>\n\t\t\t\t\t<\/div>\n\t\t<\/section>\n\t\t\t\t<\/div>","protected":false},"excerpt":{"rendered":"<p>SSS S\u0131k\u00e7a Sorulan Sorular S\u0131k sorulan sorular ve cevaplar\u0131na a\u015fa\u011f\u0131dan ula\u015fabilirsiniz. Farkl\u0131 bir sorunuz varsa bizimle ileti\u015fime ge\u00e7in! Y\u00fcz esteti\u011fi nedir? Y\u00fcz esteti\u011fi, y\u00fcz\u00fcn g\u00f6r\u00fcn\u00fcm\u00fcn\u00fc iyile\u015ftirmek amac\u0131yla yap\u0131lan cerrahi veya cerrahi olmayan i\u015flemleri kapsayan bir t\u0131bbi alan\u0131 ifade eder. Bu i\u015flemler genellikle burun esteti\u011fi (rinoplasti), y\u00fcz germe (ritidoplasti), g\u00f6z kapa\u011f\u0131 esteti\u011fi (blefaroplasti) gibi prosed\u00fcrleri i\u00e7erebilir. [&hellip;]<\/p>\n","protected":false},"author":1,"featured_media":0,"parent":0,"menu_order":0,"comment_status":"closed","ping_status":"closed","template":"","meta":{"content-type":"","inline_featured_image":false,"footnotes":""},"class_list":["post-566","page","type-page","status-publish","hentry"],"yoast_head":"<!-- This site is optimized with the Yoast SEO plugin v27.4 - https:\/\/yoast.com\/product\/yoast-seo-wordpress\/ -->\n<title>S\u0131k\u00e7a Sorulan Sorular | Op.Dr. Hikmet \u0130hsan Eren<\/title>\n<meta name=\"robots\" content=\"index, follow, max-snippet:-1, max-image-preview:large, max-video-preview:-1\" \/>\n<link rel=\"canonical\" href=\"https:\/\/drhikmetihsaneren.com\/nl\/faq\/\" \/>\n<meta property=\"og:locale\" content=\"nl_NL\" \/>\n<meta property=\"og:type\" content=\"article\" \/>\n<meta property=\"og:title\" content=\"S\u0131k\u00e7a Sorulan Sorular | Op.Dr. Hikmet \u0130hsan Eren\" \/>\n<meta property=\"og:description\" content=\"SSS S\u0131k\u00e7a Sorulan Sorular S\u0131k sorulan sorular ve cevaplar\u0131na a\u015fa\u011f\u0131dan ula\u015fabilirsiniz. Farkl\u0131 bir sorunuz varsa bizimle ileti\u015fime ge\u00e7in! Y\u00fcz esteti\u011fi nedir? Y\u00fcz esteti\u011fi, y\u00fcz\u00fcn g\u00f6r\u00fcn\u00fcm\u00fcn\u00fc iyile\u015ftirmek amac\u0131yla yap\u0131lan cerrahi veya cerrahi olmayan i\u015flemleri kapsayan bir t\u0131bbi alan\u0131 ifade eder. Bu i\u015flemler genellikle burun esteti\u011fi (rinoplasti), y\u00fcz germe (ritidoplasti), g\u00f6z kapa\u011f\u0131 esteti\u011fi (blefaroplasti) gibi prosed\u00fcrleri i\u00e7erebilir. [&hellip;]\" \/>\n<meta property=\"og:url\" content=\"https:\/\/drhikmetihsaneren.com\/nl\/faq\/\" \/>\n<meta property=\"og:site_name\" content=\"Op. Hikmet \u0130hsan Eren\" \/>\n<meta name=\"twitter:card\" content=\"summary_large_image\" \/>\n<meta name=\"twitter:label1\" content=\"Geschatte leestijd\" \/>\n\t<meta name=\"twitter:data1\" content=\"4 minuten\" \/>\n<script type=\"application\/ld+json\" class=\"yoast-schema-graph\">{\"@context\":\"https:\\\/\\\/schema.org\",\"@graph\":[{\"@type\":\"WebPage\",\"@id\":\"https:\\\/\\\/drhikmetihsaneren.com\\\/sss\\\/\",\"url\":\"https:\\\/\\\/drhikmetihsaneren.com\\\/sss\\\/\",\"name\":\"S\u0131k\u00e7a Sorulan Sorular | Op.Dr. Hikmet \u0130hsan Eren\",\"isPartOf\":{\"@id\":\"https:\\\/\\\/drhikmetihsaneren.com\\\/#website\"},\"datePublished\":\"2023-08-18T00:22:49+00:00\",\"breadcrumb\":{\"@id\":\"https:\\\/\\\/drhikmetihsaneren.com\\\/sss\\\/#breadcrumb\"},\"inLanguage\":\"nl-NL\",\"potentialAction\":[{\"@type\":\"ReadAction\",\"target\":[\"https:\\\/\\\/drhikmetihsaneren.com\\\/sss\\\/\"]}]},{\"@type\":\"BreadcrumbList\",\"@id\":\"https:\\\/\\\/drhikmetihsaneren.com\\\/sss\\\/#breadcrumb\",\"itemListElement\":[{\"@type\":\"ListItem\",\"position\":1,\"name\":\"Anasayfa\",\"item\":\"https:\\\/\\\/drhikmetihsaneren.com\\\/\"},{\"@type\":\"ListItem\",\"position\":2,\"name\":\"SSS\"}]},{\"@type\":\"WebSite\",\"@id\":\"https:\\\/\\\/drhikmetihsaneren.com\\\/#website\",\"url\":\"https:\\\/\\\/drhikmetihsaneren.com\\\/\",\"name\":\"Op. Hikmet \u0130hsan Eren\",\"description\":\"Estetik Cerrahi\",\"potentialAction\":[{\"@type\":\"SearchAction\",\"target\":{\"@type\":\"EntryPoint\",\"urlTemplate\":\"https:\\\/\\\/drhikmetihsaneren.com\\\/?s={search_term_string}\"},\"query-input\":{\"@type\":\"PropertyValueSpecification\",\"valueRequired\":true,\"valueName\":\"search_term_string\"}}],\"inLanguage\":\"nl-NL\"}]}<\/script>\n<!-- \/ Yoast SEO plugin. -->","yoast_head_json":{"title":"Veelgestelde vragen | Op.Dr. Hikmet Ihsan Eren","robots":{"index":"index","follow":"follow","max-snippet":"max-snippet:-1","max-image-preview":"max-image-preview:large","max-video-preview":"max-video-preview:-1"},"canonical":"https:\/\/drhikmetihsaneren.com\/nl\/faq\/","og_locale":"nl_NL","og_type":"article","og_title":"S\u0131k\u00e7a Sorulan Sorular | Op.Dr. Hikmet \u0130hsan Eren","og_description":"SSS S\u0131k\u00e7a Sorulan Sorular S\u0131k sorulan sorular ve cevaplar\u0131na a\u015fa\u011f\u0131dan ula\u015fabilirsiniz. Farkl\u0131 bir sorunuz varsa bizimle ileti\u015fime ge\u00e7in! Y\u00fcz esteti\u011fi nedir? Y\u00fcz esteti\u011fi, y\u00fcz\u00fcn g\u00f6r\u00fcn\u00fcm\u00fcn\u00fc iyile\u015ftirmek amac\u0131yla yap\u0131lan cerrahi veya cerrahi olmayan i\u015flemleri kapsayan bir t\u0131bbi alan\u0131 ifade eder. Bu i\u015flemler genellikle burun esteti\u011fi (rinoplasti), y\u00fcz germe (ritidoplasti), g\u00f6z kapa\u011f\u0131 esteti\u011fi (blefaroplasti) gibi prosed\u00fcrleri i\u00e7erebilir. [&hellip;]","og_url":"https:\/\/drhikmetihsaneren.com\/nl\/faq\/","og_site_name":"Op. Hikmet \u0130hsan Eren","twitter_card":"summary_large_image","twitter_misc":{"Geschatte leestijd":"4 minuten"},"schema":{"@context":"https:\/\/schema.org","@graph":[{"@type":"WebPage","@id":"https:\/\/drhikmetihsaneren.com\/sss\/","url":"https:\/\/drhikmetihsaneren.com\/sss\/","name":"Veelgestelde vragen | Op.Dr. Hikmet Ihsan Eren","isPartOf":{"@id":"https:\/\/drhikmetihsaneren.com\/#website"},"datePublished":"2023-08-18T00:22:49+00:00","breadcrumb":{"@id":"https:\/\/drhikmetihsaneren.com\/sss\/#breadcrumb"},"inLanguage":"nl-NL","potentialAction":[{"@type":"ReadAction","target":["https:\/\/drhikmetihsaneren.com\/sss\/"]}]},{"@type":"BreadcrumbList","@id":"https:\/\/drhikmetihsaneren.com\/sss\/#breadcrumb","itemListElement":[{"@type":"ListItem","position":1,"name":"Anasayfa","item":"https:\/\/drhikmetihsaneren.com\/"},{"@type":"ListItem","position":2,"name":"SSS"}]},{"@type":"WebSite","@id":"https:\/\/drhikmetihsaneren.com\/#website","url":"https:\/\/drhikmetihsaneren.com\/","name":"Kus. Hikmet Ihsan Eren","description":"Plastische chirurgie","potentialAction":[{"@type":"SearchAction","target":{"@type":"EntryPoint","urlTemplate":"https:\/\/drhikmetihsaneren.com\/?s={search_term_string}"},"query-input":{"@type":"PropertyValueSpecification","valueRequired":true,"valueName":"search_term_string"}}],"inLanguage":"nl-NL"}]}},"_links":{"self":[{"href":"https:\/\/drhikmetihsaneren.com\/nl\/wp-json\/wp\/v2\/pages\/566","targetHints":{"allow":["GET"]}}],"collection":[{"href":"https:\/\/drhikmetihsaneren.com\/nl\/wp-json\/wp\/v2\/pages"}],"about":[{"href":"https:\/\/drhikmetihsaneren.com\/nl\/wp-json\/wp\/v2\/types\/page"}],"author":[{"embeddable":true,"href":"https:\/\/drhikmetihsaneren.com\/nl\/wp-json\/wp\/v2\/users\/1"}],"replies":[{"embeddable":true,"href":"https:\/\/drhikmetihsaneren.com\/nl\/wp-json\/wp\/v2\/comments?post=566"}],"version-history":[{"count":12,"href":"https:\/\/drhikmetihsaneren.com\/nl\/wp-json\/wp\/v2\/pages\/566\/revisions"}],"predecessor-version":[{"id":6032,"href":"https:\/\/drhikmetihsaneren.com\/nl\/wp-json\/wp\/v2\/pages\/566\/revisions\/6032"}],"wp:attachment":[{"href":"https:\/\/drhikmetihsaneren.com\/nl\/wp-json\/wp\/v2\/media?parent=566"}],"curies":[{"name":"wp","href":"https:\/\/api.w.org\/{rel}","templated":true}]}}